{"id":12119,"date":"2023-09-13T01:35:21","date_gmt":"2023-09-12T22:35:21","guid":{"rendered":"https:\/\/arens.ee\/gdpr\/"},"modified":"2023-09-18T11:33:34","modified_gmt":"2023-09-18T08:33:34","slug":"gdpr","status":"publish","type":"page","link":"https:\/\/arens.ee\/fi\/gdpr\/","title":{"rendered":"Tietosuojak\u00e4yt\u00e4nt\u00f6"},"content":{"rendered":"","protected":false},"excerpt":{"rendered":"","protected":false},"author":2,"featured_media":0,"parent":0,"menu_order":0,"comment_status":"closed","ping_status":"closed","template":"template-order-info.php","meta":{"_acf_changed":false,"footnotes":""},"class_list":["post-12119","page","type-page","status-publish","hentry"],"acf":[],"yoast_head":"<!-- This site is optimized with the Yoast SEO plugin v27.5 - https:\/\/yoast.com\/product\/yoast-seo-wordpress\/ -->\n<title>Tietosuojak\u00e4yt\u00e4nt\u00f6 - Arens<\/title>\n<meta name=\"robots\" content=\"index, follow, max-snippet:-1, max-image-preview:large, max-video-preview:-1\" \/>\n<link rel=\"canonical\" href=\"https:\/\/arens.ee\/fi\/gdpr\/\" \/>\n<meta property=\"og:locale\" content=\"fi_FI\" \/>\n<meta property=\"og:type\" content=\"article\" \/>\n<meta property=\"og:title\" content=\"Tietosuojak\u00e4yt\u00e4nt\u00f6 - Arens\" \/>\n<meta property=\"og:url\" content=\"https:\/\/arens.ee\/fi\/gdpr\/\" \/>\n<meta property=\"og:site_name\" content=\"Arens\" \/>\n<meta property=\"article:modified_time\" content=\"2023-09-18T08:33:34+00:00\" \/>\n<meta property=\"og:image\" content=\"https:\/\/arens.ee\/wp-content\/uploads\/2021\/12\/arens-social.jpeg\" \/>\n\t<meta property=\"og:image:width\" content=\"1200\" \/>\n\t<meta property=\"og:image:height\" content=\"627\" \/>\n\t<meta property=\"og:image:type\" content=\"image\/jpeg\" \/>\n<meta name=\"twitter:card\" content=\"summary_large_image\" \/>\n<script type=\"application\/ld+json\" class=\"yoast-schema-graph\">{\"@context\":\"https:\\\/\\\/schema.org\",\"@graph\":[{\"@type\":\"WebPage\",\"@id\":\"https:\\\/\\\/arens.ee\\\/fi\\\/gdpr\\\/\",\"url\":\"https:\\\/\\\/arens.ee\\\/fi\\\/gdpr\\\/\",\"name\":\"Tietosuojak\u00e4yt\u00e4nt\u00f6 - Arens\",\"isPartOf\":{\"@id\":\"https:\\\/\\\/arens.ee\\\/#website\"},\"datePublished\":\"2023-09-12T22:35:21+00:00\",\"dateModified\":\"2023-09-18T08:33:34+00:00\",\"breadcrumb\":{\"@id\":\"https:\\\/\\\/arens.ee\\\/fi\\\/gdpr\\\/#breadcrumb\"},\"inLanguage\":\"fi\",\"potentialAction\":[{\"@type\":\"ReadAction\",\"target\":[\"https:\\\/\\\/arens.ee\\\/fi\\\/gdpr\\\/\"]}]},{\"@type\":\"BreadcrumbList\",\"@id\":\"https:\\\/\\\/arens.ee\\\/fi\\\/gdpr\\\/#breadcrumb\",\"itemListElement\":[{\"@type\":\"ListItem\",\"position\":1,\"name\":\"Home\",\"item\":\"https:\\\/\\\/arens.ee\\\/fi\\\/\"},{\"@type\":\"ListItem\",\"position\":2,\"name\":\"Tietosuojak\u00e4yt\u00e4nt\u00f6\"}]},{\"@type\":\"WebSite\",\"@id\":\"https:\\\/\\\/arens.ee\\\/#website\",\"url\":\"https:\\\/\\\/arens.ee\\\/\",\"name\":\"Arens\",\"description\":\"\",\"potentialAction\":[{\"@type\":\"SearchAction\",\"target\":{\"@type\":\"EntryPoint\",\"urlTemplate\":\"https:\\\/\\\/arens.ee\\\/?s={search_term_string}\"},\"query-input\":{\"@type\":\"PropertyValueSpecification\",\"valueRequired\":true,\"valueName\":\"search_term_string\"}}],\"inLanguage\":\"fi\"}]}<\/script>\n<!-- \/ Yoast SEO plugin. -->","yoast_head_json":{"title":"Tietosuojak\u00e4yt\u00e4nt\u00f6 - Arens","robots":{"index":"index","follow":"follow","max-snippet":"max-snippet:-1","max-image-preview":"max-image-preview:large","max-video-preview":"max-video-preview:-1"},"canonical":"https:\/\/arens.ee\/fi\/gdpr\/","og_locale":"fi_FI","og_type":"article","og_title":"Tietosuojak\u00e4yt\u00e4nt\u00f6 - Arens","og_url":"https:\/\/arens.ee\/fi\/gdpr\/","og_site_name":"Arens","article_modified_time":"2023-09-18T08:33:34+00:00","og_image":[{"width":1200,"height":627,"url":"https:\/\/arens.ee\/wp-content\/uploads\/2021\/12\/arens-social.jpeg","type":"image\/jpeg"}],"twitter_card":"summary_large_image","schema":{"@context":"https:\/\/schema.org","@graph":[{"@type":"WebPage","@id":"https:\/\/arens.ee\/fi\/gdpr\/","url":"https:\/\/arens.ee\/fi\/gdpr\/","name":"Tietosuojak\u00e4yt\u00e4nt\u00f6 - Arens","isPartOf":{"@id":"https:\/\/arens.ee\/#website"},"datePublished":"2023-09-12T22:35:21+00:00","dateModified":"2023-09-18T08:33:34+00:00","breadcrumb":{"@id":"https:\/\/arens.ee\/fi\/gdpr\/#breadcrumb"},"inLanguage":"fi","potentialAction":[{"@type":"ReadAction","target":["https:\/\/arens.ee\/fi\/gdpr\/"]}]},{"@type":"BreadcrumbList","@id":"https:\/\/arens.ee\/fi\/gdpr\/#breadcrumb","itemListElement":[{"@type":"ListItem","position":1,"name":"Home","item":"https:\/\/arens.ee\/fi\/"},{"@type":"ListItem","position":2,"name":"Tietosuojak\u00e4yt\u00e4nt\u00f6"}]},{"@type":"WebSite","@id":"https:\/\/arens.ee\/#website","url":"https:\/\/arens.ee\/","name":"Arens","description":"","potentialAction":[{"@type":"SearchAction","target":{"@type":"EntryPoint","urlTemplate":"https:\/\/arens.ee\/?s={search_term_string}"},"query-input":{"@type":"PropertyValueSpecification","valueRequired":true,"valueName":"search_term_string"}}],"inLanguage":"fi"}]}},"page_title_background":[""],"hero_content":["<p style=\"text-align: justify;\">Arens\u00a0AS:n HENKIL\u00d6TIETOJEN K\u00c4SITTELYEHDOT\r\n1.\u00a0K\u00c4SITTEET\r\n1.1. henkil\u00f6tiedot \u2013 kaikenlainen tieto tunnistetusta tai tunnistettavasta fyysisest\u00e4 henkil\u00f6st\u00e4;\r\n1.2. henkil\u00f6tietojen k\u00e4sittely \u2013 henkil\u00f6tietoihin tai niiden kokoelmiin liittyv\u00e4 mik\u00e4 tahansa toiminto;\r\n1.3.\u00a0asiakas tai sin\u00e4\u00a0\u2013\u00a0fyysinen henkil\u00f6, joka vierailee sivustolla;\r\n1.4.\u00a0Arens\u00a0AS\u00a0eli me\u00a0\u2013\u00a0Y-tunnukseltaan\u00a010254960;\r\n1.5.\u00a0ehdot\u00a0\u2013\u00a0n\u00e4m\u00e4 henkil\u00f6tietojen k\u00e4sittelyehdot;\r\n1.6.\u00a0vastuussa oleva k\u00e4sittelij\u00e4\u00a0\u2013\u00a0Arens\u00a0AS;\r\n1.7.\u00a0sivusto\u00a0\u2013\u00a0t\u00e4m\u00e4 sivusto <a href=\"http:\/\/www.arens.ee\/\">www.arens.ee<\/a>;\r\n1.8.\u00a0valtuutettu k\u00e4sittelij\u00e4\u00a0\u2013\u00a0henkil\u00f6, joka k\u00e4sittelee henkil\u00f6tietoja puolestamme.<\/p>\r\n<p style=\"text-align: justify;\">2. YLEIST\u00c4\r\n2.1. Ehdot kuvaavat henkil\u00f6tietojen k\u00e4sittelyehtojamme. Henkil\u00f6tietosuoja on meille t\u00e4rke\u00e4\u00e4, joten k\u00e4sittelemme henkil\u00f6tietoja vain laillisen perusteen olemassa ollessa ja laillisissa tavoitteissa taaten henkil\u00f6tietojen turvallisuuden ja suojan.\r\n2.2. Jos sellainen tarve syntyy, voimme muuttaa ehtoja taaten niiden vastaavuuden lakeihin. Suosittelemme t\u00e4ten vierailemaan aika ajoin sivustolla, jotta voit olla tietoinen ehdoista. Merkitsemme aina, mist\u00e4 p\u00e4iv\u00e4m\u00e4\u00e4r\u00e4st\u00e4 alkaen ehdot ovat olleet t\u00e4ll\u00e4 hetkell\u00e4 voimassa olevassa sanamuodossa.<\/p>\r\n<p style=\"text-align: justify;\">3. K\u00c4SITTELYTARKOITUKSET JA LAILLINEN PERUSTE\r\n3.1. Jos l\u00e4het\u00e4t sivustollamme olevan kyselylomakkeen kautta kyselyit\u00e4 tai muita pyynt\u00f6j\u00e4, tied\u00e4t, ett\u00e4 meid\u00e4n tulee vastataksemme k\u00e4sitell\u00e4 henkil\u00f6tietojasi. Meill\u00e4 on t\u00e4ss\u00e4 tapauksessa henkil\u00f6tietojen k\u00e4sittelyyn oikeutettu intressi, lis\u00e4ksi se on tietyiss\u00e4 tapauksissa tarpeellista my\u00f6s tarjousten tekemiseen, tilauksen muodostamiseen, t\u00e4ytt\u00e4miseen ja t\u00e4ytt\u00e4misen takaamiseen. Tarkoituksemme t\u00e4llaisessa henkil\u00f6tietojen k\u00e4sittelyss\u00e4 on t\u00e4ten (1) taata toimiva ja miellytt\u00e4v\u00e4 asiakaspalvelu tai (2) tarjousten koostaminen, (3) tilauksen muodostaminen, (4) kuljetuksen ja asennuksen j\u00e4rjest\u00e4minen, siihen liittyvien t\u00e4rkeiden tietojen v\u00e4litt\u00e4minen ja tilauksen valmistuminen.\r\n3.2. K\u00e4sittelemme henkil\u00f6tietoja laeista tulevien velvoitteiden t\u00e4ytt\u00e4miseksi, jotta (1) takaamme henkil\u00f6tietoihin liittyvien oikeuksien suojan, (2) s\u00e4ilyt\u00e4mme henkil\u00f6tietoja laeista tulevien velvoitteiden t\u00e4ytt\u00e4miseksi ja (3) t\u00e4yt\u00e4mme mit\u00e4 tahansa muita laeista tulevia velvoitteita.\r\n3.3. K\u00e4yt\u00e4mme sivustolla ev\u00e4steit\u00e4. Ev\u00e4steet ovat pieni\u00e4 tekstimuotoisia tietolohkoja, jotka talletetaan sivustolla vierailtaessa verkkoselaimeesi tai laitteeseesi. Osa ev\u00e4steist\u00e4 liittyy sivustoon (ns. ensimm\u00e4isen osapuolen ev\u00e4steet), lis\u00e4ksi k\u00e4yt\u00e4mme my\u00f6s kolmansien osapuolien ev\u00e4steit\u00e4. Ev\u00e4steet ovat tarpeellisia sivuston toiminnan takaamiseksi, sen lis\u00e4ksi ne tekev\u00e4t sivuston k\u00e4ytt\u00e4misen mukavammaksi. Ev\u00e4steiden ansiosta voimme esimerkiksi muistaa mieltymyksesi ja ker\u00e4t\u00e4 tietoja sivuston k\u00e4yt\u00f6st\u00e4si mahdollistaen personoidun sis\u00e4ll\u00f6n tarjoamisen ja antaen sy\u00f6t\u00f6n analyysien ja tilastojen tekemiseksi. Ev\u00e4steiden kautta meille tuleva tieto ei ole liitett\u00e4viss\u00e4 yhteenk\u00e4\u00e4n konkreettisen fyysiseen henkil\u00f6\u00f6n.\r\n3.4. K\u00e4yt\u00e4mme sivustolla kolmansien osapuolien ev\u00e4steit\u00e4 palveluntarjoajilta Google Analytics, Facebook, Adroll, Hotjar n\u00e4iden palveluntarjoajien ehtojen mukaisesti. K\u00e4yt\u00e4mme niit\u00e4 seuraaviin tarkoituksiin: (1) sivuston vierailujen analysointi, (2) sosiaalisen median mahdollisuuksien tarjoaminen ja (3) kohdistetun mainossis\u00e4ll\u00f6n n\u00e4ytt\u00e4minen. Sen vuoksi on mahdollista, ett\u00e4 n\u00e4iden ev\u00e4steiden kautta tapahtuu sivuston k\u00e4ytt\u00f6tietojen jakamista kolmansien osapuolten kanssa, jotka voivat yhdistell\u00e4 tietoja muihin heille saatavissa oleviin tietoihin.\r\n3.5. Kysymme jokaiselta sivustolla vierailevalta suostumuksen k\u00e4ytt\u00e4\u00e4 (1) kolmansien osapuolten ev\u00e4steit\u00e4 ja (2) ensimm\u00e4isen osapuolen ev\u00e4steit\u00e4, jotka on suunnattu sivuston anonyymin vierailutilaston koostamiseksi. Jos suostumusta ei anneta, emme k\u00e4yt\u00e4 n\u00e4it\u00e4 ev\u00e4steit\u00e4.\r\n3.6. Jos haluat rajoittaa sivuston ev\u00e4steiden k\u00e4ytt\u00f6\u00e4, kielt\u00e4\u00e4 sen tai poistaa tallennetut ev\u00e4steet, tutustu oman verkkoselaimesi ehtoihin. Varoitamme, ett\u00e4 ev\u00e4steiden rajoittaminen tai kielt\u00e4minen voi est\u00e4\u00e4 sivustoa toimimasta normaalisti.\r\n3.7. Kysymme aina henkil\u00f6tietojen k\u00e4sittelyyn ehdoissa mainitsemattomissa tarkoituksissa suostumuksen ennakkoon.<\/p>\r\n<p style=\"text-align: justify;\">4. HENKIL\u00d6TIETOJEN KOOSTUMUS\r\n4.1. Ehdoissa mainittujen tarkoitusten saavuttamiseksi, tulee meid\u00e4n k\u00e4sitell\u00e4 osaa tai kaikkia seuraavista henkil\u00f6tiedoista: (1) nimi (2) s-postiosoite (3) puhelinnumero (4) osoite (5) laeista tulevien velvoitteiden t\u00e4yt\u00e4nn\u00f6ss\u00e4 ker\u00e4tyt tiedot. Tarkka k\u00e4sitelt\u00e4vien henkil\u00f6tietojen koostumus on jokaisessa tapauksessa erilainen. Noudatamme aina periaatetta, ett\u00e4 k\u00e4sittelemme henkil\u00f6tietoja niin v\u00e4h\u00e4n, kuin tavoitteen saavuttamiseksi on tarpeen.<\/p>\r\n<p style=\"text-align: justify;\">5. HENKIL\u00d6TIETOJEN JULKISTAMINEN JA V\u00c4LITT\u00c4MINEN\r\n5.1. Meill\u00e4 on oikeus julkistaa ja v\u00e4litt\u00e4\u00e4 henkil\u00f6tietoja ilman ennakkosuostumusta laeista tulevien velvoitteiden t\u00e4ytt\u00e4miseksi ja my\u00f6s valtuutetuille k\u00e4sittelij\u00f6ille. Meill\u00e4 on omien oikeuksiemme suojaamiseksi oikeus julkistaa henkil\u00f6tiedot kolmansille osapuolille, esim. oikeusavun tarjoajille, tilintarkastajille, perint\u00e4\u00e4n osallistuville henkil\u00f6ille jne.<\/p>\r\n<p style=\"text-align: justify;\">6. HENKIL\u00d6TIETOJEN S\u00c4ILYTYS\r\n6.1. S\u00e4ilyt\u00e4mme henkil\u00f6tietoja niin kauan kuin niit\u00e4 tarvitaan t\u00e4ss\u00e4 mainittujen tavoitteiden t\u00e4ytt\u00e4miseksi, oikeuksiemme suojaamiseksi tai laeista tulevien velvoitteidemme t\u00e4ytt\u00e4miseksi. S\u00e4ilyt\u00e4mme kyselylomakkeen kautta yhteytt\u00e4 ottaneen asiakkaan tietoja enint\u00e4\u00e4n viisi vuotta asiakkaan viimeisest\u00e4 yhteydenotosta alkaen.<\/p>\r\n<p style=\"text-align: justify;\">7. TIETOKOHTEEN OIKEUDET\r\n7.1. Sinulla on laeista tullen oikeus (1) vaatia meilt\u00e4 tietoja henkil\u00f6tietojesi k\u00e4sittelyst\u00e4 ja tietyiss\u00e4 tapauksissa vaatia (2) henkil\u00f6tietojen korjaamista, (3) poistamista, (4) k\u00e4sittelyn rajoittamista tai (5) esitt\u00e4\u00e4 vastalause. Jos k\u00e4sittelemme henkil\u00f6tietojasi suostumuksella, (6) voit milloin tahansa perua suostumuksen, jolloin lopetamme henkil\u00f6tietojen k\u00e4sittelyn. Se ei vaikuta aiemmin tehtyihin k\u00e4sittelytoimiin. Reagoimme kyselyihisi laeista tulevia aikoja noudattaen mahdollisimman pian.<\/p>\r\n<p style=\"text-align: justify;\">8. YHTEYSTIEDOT, VALITUKSET, OIKEUSSUOJA\r\n8.1. Jos sinulla on henkil\u00f6tietojen k\u00e4sittelyyn liittyvi\u00e4 kysymyksi\u00e4 tai valituksia, voit k\u00e4\u00e4nty\u00e4 joko meid\u00e4n kuin vastuussa olevan k\u00e4sittelij\u00e4 puoleen (Arens AS; Vasula tee 40, 60515 K\u00f5rvek\u00fcla, Tartumaa;\u00a0<a href=\"mailto:arens@arens.ee\">arens@arens.ee<\/a>; puh. +372 7300960) tai Tietosuojaviraston puoleen (<a href=\"mailto:info@aki.ee\">info@aki.ee<\/a>; puh. 627 4135; lis\u00e4tiedot).\r\n8.2. Jos tietoihisi liittyy todenn\u00e4k\u00f6iseksi vaaraksi oikeuksiisi tai vapauksiisi oleva rikkominen, ilmoitamme siit\u00e4 72 tunnin kuluessa rikkomisen tietoon tulosta Tietosuojavirastolle ja heti sinulle, jos sovellettava laki ei toisin s\u00e4\u00e4d\u00e4.<\/p>\r\n<p style=\"text-align: right;\">Arens AS:n tietosuojak\u00e4yt\u00e4nt\u00f6 on voimassa 1.9.2023 alkaen.<\/p>"],"hero_background":["11682"],"button_title":[""],"button_link":[""],"payment_method":[""],"header_color":["white"],"rest_api_enabler":{"page_title_background":"","hero_content":"<p style=\"text-align: justify;\">Arens\u00a0AS:n HENKIL\u00d6TIETOJEN K\u00c4SITTELYEHDOT\r\n1.\u00a0K\u00c4SITTEET\r\n1.1. henkil\u00f6tiedot \u2013 kaikenlainen tieto tunnistetusta tai tunnistettavasta fyysisest\u00e4 henkil\u00f6st\u00e4;\r\n1.2. henkil\u00f6tietojen k\u00e4sittely \u2013 henkil\u00f6tietoihin tai niiden kokoelmiin liittyv\u00e4 mik\u00e4 tahansa toiminto;\r\n1.3.\u00a0asiakas tai sin\u00e4\u00a0\u2013\u00a0fyysinen henkil\u00f6, joka vierailee sivustolla;\r\n1.4.\u00a0Arens\u00a0AS\u00a0eli me\u00a0\u2013\u00a0Y-tunnukseltaan\u00a010254960;\r\n1.5.\u00a0ehdot\u00a0\u2013\u00a0n\u00e4m\u00e4 henkil\u00f6tietojen k\u00e4sittelyehdot;\r\n1.6.\u00a0vastuussa oleva k\u00e4sittelij\u00e4\u00a0\u2013\u00a0Arens\u00a0AS;\r\n1.7.\u00a0sivusto\u00a0\u2013\u00a0t\u00e4m\u00e4 sivusto <a href=\"http:\/\/www.arens.ee\/\">www.arens.ee<\/a>;\r\n1.8.\u00a0valtuutettu k\u00e4sittelij\u00e4\u00a0\u2013\u00a0henkil\u00f6, joka k\u00e4sittelee henkil\u00f6tietoja puolestamme.<\/p>\r\n<p style=\"text-align: justify;\">2. YLEIST\u00c4\r\n2.1. Ehdot kuvaavat henkil\u00f6tietojen k\u00e4sittelyehtojamme. Henkil\u00f6tietosuoja on meille t\u00e4rke\u00e4\u00e4, joten k\u00e4sittelemme henkil\u00f6tietoja vain laillisen perusteen olemassa ollessa ja laillisissa tavoitteissa taaten henkil\u00f6tietojen turvallisuuden ja suojan.\r\n2.2. Jos sellainen tarve syntyy, voimme muuttaa ehtoja taaten niiden vastaavuuden lakeihin. Suosittelemme t\u00e4ten vierailemaan aika ajoin sivustolla, jotta voit olla tietoinen ehdoista. Merkitsemme aina, mist\u00e4 p\u00e4iv\u00e4m\u00e4\u00e4r\u00e4st\u00e4 alkaen ehdot ovat olleet t\u00e4ll\u00e4 hetkell\u00e4 voimassa olevassa sanamuodossa.<\/p>\r\n<p style=\"text-align: justify;\">3. K\u00c4SITTELYTARKOITUKSET JA LAILLINEN PERUSTE\r\n3.1. Jos l\u00e4het\u00e4t sivustollamme olevan kyselylomakkeen kautta kyselyit\u00e4 tai muita pyynt\u00f6j\u00e4, tied\u00e4t, ett\u00e4 meid\u00e4n tulee vastataksemme k\u00e4sitell\u00e4 henkil\u00f6tietojasi. Meill\u00e4 on t\u00e4ss\u00e4 tapauksessa henkil\u00f6tietojen k\u00e4sittelyyn oikeutettu intressi, lis\u00e4ksi se on tietyiss\u00e4 tapauksissa tarpeellista my\u00f6s tarjousten tekemiseen, tilauksen muodostamiseen, t\u00e4ytt\u00e4miseen ja t\u00e4ytt\u00e4misen takaamiseen. Tarkoituksemme t\u00e4llaisessa henkil\u00f6tietojen k\u00e4sittelyss\u00e4 on t\u00e4ten (1) taata toimiva ja miellytt\u00e4v\u00e4 asiakaspalvelu tai (2) tarjousten koostaminen, (3) tilauksen muodostaminen, (4) kuljetuksen ja asennuksen j\u00e4rjest\u00e4minen, siihen liittyvien t\u00e4rkeiden tietojen v\u00e4litt\u00e4minen ja tilauksen valmistuminen.\r\n3.2. K\u00e4sittelemme henkil\u00f6tietoja laeista tulevien velvoitteiden t\u00e4ytt\u00e4miseksi, jotta (1) takaamme henkil\u00f6tietoihin liittyvien oikeuksien suojan, (2) s\u00e4ilyt\u00e4mme henkil\u00f6tietoja laeista tulevien velvoitteiden t\u00e4ytt\u00e4miseksi ja (3) t\u00e4yt\u00e4mme mit\u00e4 tahansa muita laeista tulevia velvoitteita.\r\n3.3. K\u00e4yt\u00e4mme sivustolla ev\u00e4steit\u00e4. Ev\u00e4steet ovat pieni\u00e4 tekstimuotoisia tietolohkoja, jotka talletetaan sivustolla vierailtaessa verkkoselaimeesi tai laitteeseesi. Osa ev\u00e4steist\u00e4 liittyy sivustoon (ns. ensimm\u00e4isen osapuolen ev\u00e4steet), lis\u00e4ksi k\u00e4yt\u00e4mme my\u00f6s kolmansien osapuolien ev\u00e4steit\u00e4. Ev\u00e4steet ovat tarpeellisia sivuston toiminnan takaamiseksi, sen lis\u00e4ksi ne tekev\u00e4t sivuston k\u00e4ytt\u00e4misen mukavammaksi. Ev\u00e4steiden ansiosta voimme esimerkiksi muistaa mieltymyksesi ja ker\u00e4t\u00e4 tietoja sivuston k\u00e4yt\u00f6st\u00e4si mahdollistaen personoidun sis\u00e4ll\u00f6n tarjoamisen ja antaen sy\u00f6t\u00f6n analyysien ja tilastojen tekemiseksi. Ev\u00e4steiden kautta meille tuleva tieto ei ole liitett\u00e4viss\u00e4 yhteenk\u00e4\u00e4n konkreettisen fyysiseen henkil\u00f6\u00f6n.\r\n3.4. K\u00e4yt\u00e4mme sivustolla kolmansien osapuolien ev\u00e4steit\u00e4 palveluntarjoajilta Google Analytics, Facebook, Adroll, Hotjar n\u00e4iden palveluntarjoajien ehtojen mukaisesti. K\u00e4yt\u00e4mme niit\u00e4 seuraaviin tarkoituksiin: (1) sivuston vierailujen analysointi, (2) sosiaalisen median mahdollisuuksien tarjoaminen ja (3) kohdistetun mainossis\u00e4ll\u00f6n n\u00e4ytt\u00e4minen. Sen vuoksi on mahdollista, ett\u00e4 n\u00e4iden ev\u00e4steiden kautta tapahtuu sivuston k\u00e4ytt\u00f6tietojen jakamista kolmansien osapuolten kanssa, jotka voivat yhdistell\u00e4 tietoja muihin heille saatavissa oleviin tietoihin.\r\n3.5. Kysymme jokaiselta sivustolla vierailevalta suostumuksen k\u00e4ytt\u00e4\u00e4 (1) kolmansien osapuolten ev\u00e4steit\u00e4 ja (2) ensimm\u00e4isen osapuolen ev\u00e4steit\u00e4, jotka on suunnattu sivuston anonyymin vierailutilaston koostamiseksi. Jos suostumusta ei anneta, emme k\u00e4yt\u00e4 n\u00e4it\u00e4 ev\u00e4steit\u00e4.\r\n3.6. Jos haluat rajoittaa sivuston ev\u00e4steiden k\u00e4ytt\u00f6\u00e4, kielt\u00e4\u00e4 sen tai poistaa tallennetut ev\u00e4steet, tutustu oman verkkoselaimesi ehtoihin. Varoitamme, ett\u00e4 ev\u00e4steiden rajoittaminen tai kielt\u00e4minen voi est\u00e4\u00e4 sivustoa toimimasta normaalisti.\r\n3.7. Kysymme aina henkil\u00f6tietojen k\u00e4sittelyyn ehdoissa mainitsemattomissa tarkoituksissa suostumuksen ennakkoon.<\/p>\r\n<p style=\"text-align: justify;\">4. HENKIL\u00d6TIETOJEN KOOSTUMUS\r\n4.1. Ehdoissa mainittujen tarkoitusten saavuttamiseksi, tulee meid\u00e4n k\u00e4sitell\u00e4 osaa tai kaikkia seuraavista henkil\u00f6tiedoista: (1) nimi (2) s-postiosoite (3) puhelinnumero (4) osoite (5) laeista tulevien velvoitteiden t\u00e4yt\u00e4nn\u00f6ss\u00e4 ker\u00e4tyt tiedot. Tarkka k\u00e4sitelt\u00e4vien henkil\u00f6tietojen koostumus on jokaisessa tapauksessa erilainen. Noudatamme aina periaatetta, ett\u00e4 k\u00e4sittelemme henkil\u00f6tietoja niin v\u00e4h\u00e4n, kuin tavoitteen saavuttamiseksi on tarpeen.<\/p>\r\n<p style=\"text-align: justify;\">5. HENKIL\u00d6TIETOJEN JULKISTAMINEN JA V\u00c4LITT\u00c4MINEN\r\n5.1. Meill\u00e4 on oikeus julkistaa ja v\u00e4litt\u00e4\u00e4 henkil\u00f6tietoja ilman ennakkosuostumusta laeista tulevien velvoitteiden t\u00e4ytt\u00e4miseksi ja my\u00f6s valtuutetuille k\u00e4sittelij\u00f6ille. Meill\u00e4 on omien oikeuksiemme suojaamiseksi oikeus julkistaa henkil\u00f6tiedot kolmansille osapuolille, esim. oikeusavun tarjoajille, tilintarkastajille, perint\u00e4\u00e4n osallistuville henkil\u00f6ille jne.<\/p>\r\n<p style=\"text-align: justify;\">6. HENKIL\u00d6TIETOJEN S\u00c4ILYTYS\r\n6.1. S\u00e4ilyt\u00e4mme henkil\u00f6tietoja niin kauan kuin niit\u00e4 tarvitaan t\u00e4ss\u00e4 mainittujen tavoitteiden t\u00e4ytt\u00e4miseksi, oikeuksiemme suojaamiseksi tai laeista tulevien velvoitteidemme t\u00e4ytt\u00e4miseksi. S\u00e4ilyt\u00e4mme kyselylomakkeen kautta yhteytt\u00e4 ottaneen asiakkaan tietoja enint\u00e4\u00e4n viisi vuotta asiakkaan viimeisest\u00e4 yhteydenotosta alkaen.<\/p>\r\n<p style=\"text-align: justify;\">7. TIETOKOHTEEN OIKEUDET\r\n7.1. Sinulla on laeista tullen oikeus (1) vaatia meilt\u00e4 tietoja henkil\u00f6tietojesi k\u00e4sittelyst\u00e4 ja tietyiss\u00e4 tapauksissa vaatia (2) henkil\u00f6tietojen korjaamista, (3) poistamista, (4) k\u00e4sittelyn rajoittamista tai (5) esitt\u00e4\u00e4 vastalause. Jos k\u00e4sittelemme henkil\u00f6tietojasi suostumuksella, (6) voit milloin tahansa perua suostumuksen, jolloin lopetamme henkil\u00f6tietojen k\u00e4sittelyn. Se ei vaikuta aiemmin tehtyihin k\u00e4sittelytoimiin. Reagoimme kyselyihisi laeista tulevia aikoja noudattaen mahdollisimman pian.<\/p>\r\n<p style=\"text-align: justify;\">8. YHTEYSTIEDOT, VALITUKSET, OIKEUSSUOJA\r\n8.1. Jos sinulla on henkil\u00f6tietojen k\u00e4sittelyyn liittyvi\u00e4 kysymyksi\u00e4 tai valituksia, voit k\u00e4\u00e4nty\u00e4 joko meid\u00e4n kuin vastuussa olevan k\u00e4sittelij\u00e4 puoleen (Arens AS; Vasula tee 40, 60515 K\u00f5rvek\u00fcla, Tartumaa;\u00a0<a href=\"mailto:arens@arens.ee\">arens@arens.ee<\/a>; puh. +372 7300960) tai Tietosuojaviraston puoleen (<a href=\"mailto:info@aki.ee\">info@aki.ee<\/a>; puh. 627 4135; lis\u00e4tiedot).\r\n8.2. Jos tietoihisi liittyy todenn\u00e4k\u00f6iseksi vaaraksi oikeuksiisi tai vapauksiisi oleva rikkominen, ilmoitamme siit\u00e4 72 tunnin kuluessa rikkomisen tietoon tulosta Tietosuojavirastolle ja heti sinulle, jos sovellettava laki ei toisin s\u00e4\u00e4d\u00e4.<\/p>\r\n<p style=\"text-align: right;\">Arens AS:n tietosuojak\u00e4yt\u00e4nt\u00f6 on voimassa 1.9.2023 alkaen.<\/p>","hero_background":"11682","button_title":"","button_link":"","payment_method":"","header_color":"white"},"_links":{"self":[{"href":"https:\/\/arens.ee\/fi\/wp-json\/wp\/v2\/pages\/12119","targetHints":{"allow":["GET"]}}],"collection":[{"href":"https:\/\/arens.ee\/fi\/wp-json\/wp\/v2\/pages"}],"about":[{"href":"https:\/\/arens.ee\/fi\/wp-json\/wp\/v2\/types\/page"}],"author":[{"embeddable":true,"href":"https:\/\/arens.ee\/fi\/wp-json\/wp\/v2\/users\/2"}],"replies":[{"embeddable":true,"href":"https:\/\/arens.ee\/fi\/wp-json\/wp\/v2\/comments?post=12119"}],"version-history":[{"count":5,"href":"https:\/\/arens.ee\/fi\/wp-json\/wp\/v2\/pages\/12119\/revisions"}],"predecessor-version":[{"id":12166,"href":"https:\/\/arens.ee\/fi\/wp-json\/wp\/v2\/pages\/12119\/revisions\/12166"}],"wp:attachment":[{"href":"https:\/\/arens.ee\/fi\/wp-json\/wp\/v2\/media?parent=12119"}],"curies":[{"name":"wp","href":"https:\/\/api.w.org\/{rel}","templated":true}]}}