{"id":10245,"date":"2021-10-21T09:44:58","date_gmt":"2021-10-21T06:44:58","guid":{"rendered":"https:\/\/arens.ee\/salongid\/"},"modified":"2023-10-02T15:12:44","modified_gmt":"2023-10-02T12:12:44","slug":"arens-salons","status":"publish","type":"page","link":"https:\/\/arens.ee\/lv\/arens-salons\/","title":{"rendered":"Salons"},"content":{"rendered":"","protected":false},"excerpt":{"rendered":"","protected":false},"author":1,"featured_media":0,"parent":0,"menu_order":0,"comment_status":"closed","ping_status":"closed","template":"template-salons.php","meta":{"_acf_changed":false,"footnotes":""},"class_list":["post-10245","page","type-page","status-publish","hentry"],"acf":[],"yoast_head":"<!-- This site is optimized with the Yoast SEO plugin v27.4 - https:\/\/yoast.com\/product\/yoast-seo-wordpress\/ -->\n<title>Salons - Arens<\/title>\n<meta name=\"description\" content=\"Apmekl\u0113 Arens salonu un apskati gatavus virtuvju projektus, k\u0101 ar\u012b iepaz\u012bsties ar pla\u0161o virtuves m\u0113be\u013cu materi\u0101lu sortimentu.\" \/>\n<meta name=\"robots\" content=\"index, follow, max-snippet:-1, max-image-preview:large, max-video-preview:-1\" \/>\n<link rel=\"canonical\" href=\"https:\/\/arens.ee\/lv\/arens-salons\/\" \/>\n<meta property=\"og:locale\" content=\"lv_LV\" \/>\n<meta property=\"og:type\" content=\"article\" \/>\n<meta property=\"og:title\" content=\"Salons - Arens\" \/>\n<meta property=\"og:description\" content=\"Apmekl\u0113 Arens salonu un apskati gatavus virtuvju projektus, k\u0101 ar\u012b iepaz\u012bsties ar pla\u0161o virtuves m\u0113be\u013cu materi\u0101lu sortimentu.\" \/>\n<meta property=\"og:url\" content=\"https:\/\/arens.ee\/lv\/arens-salons\/\" \/>\n<meta property=\"og:site_name\" content=\"Arens\" \/>\n<meta property=\"article:modified_time\" content=\"2023-10-02T12:12:44+00:00\" \/>\n<meta property=\"og:image\" content=\"https:\/\/arens.ee\/wp-content\/uploads\/2021\/12\/arens-social.jpeg\" \/>\n\t<meta property=\"og:image:width\" content=\"1200\" \/>\n\t<meta property=\"og:image:height\" content=\"627\" \/>\n\t<meta property=\"og:image:type\" content=\"image\/jpeg\" \/>\n<meta name=\"twitter:card\" content=\"summary_large_image\" \/>\n<script type=\"application\/ld+json\" class=\"yoast-schema-graph\">{\"@context\":\"https:\\\/\\\/schema.org\",\"@graph\":[{\"@type\":\"WebPage\",\"@id\":\"https:\\\/\\\/arens.ee\\\/lv\\\/arens-salons\\\/\",\"url\":\"https:\\\/\\\/arens.ee\\\/lv\\\/arens-salons\\\/\",\"name\":\"Salons - Arens\",\"isPartOf\":{\"@id\":\"https:\\\/\\\/arens.ee\\\/#website\"},\"datePublished\":\"2021-10-21T06:44:58+00:00\",\"dateModified\":\"2023-10-02T12:12:44+00:00\",\"description\":\"Apmekl\u0113 Arens salonu un apskati gatavus virtuvju projektus, k\u0101 ar\u012b iepaz\u012bsties ar pla\u0161o virtuves m\u0113be\u013cu materi\u0101lu sortimentu.\",\"breadcrumb\":{\"@id\":\"https:\\\/\\\/arens.ee\\\/lv\\\/arens-salons\\\/#breadcrumb\"},\"inLanguage\":\"lv-LV\",\"potentialAction\":[{\"@type\":\"ReadAction\",\"target\":[\"https:\\\/\\\/arens.ee\\\/lv\\\/arens-salons\\\/\"]}]},{\"@type\":\"BreadcrumbList\",\"@id\":\"https:\\\/\\\/arens.ee\\\/lv\\\/arens-salons\\\/#breadcrumb\",\"itemListElement\":[{\"@type\":\"ListItem\",\"position\":1,\"name\":\"Home\",\"item\":\"https:\\\/\\\/arens.ee\\\/lv\\\/\"},{\"@type\":\"ListItem\",\"position\":2,\"name\":\"Salons\"}]},{\"@type\":\"WebSite\",\"@id\":\"https:\\\/\\\/arens.ee\\\/#website\",\"url\":\"https:\\\/\\\/arens.ee\\\/\",\"name\":\"Arens\",\"description\":\"\",\"potentialAction\":[{\"@type\":\"SearchAction\",\"target\":{\"@type\":\"EntryPoint\",\"urlTemplate\":\"https:\\\/\\\/arens.ee\\\/?s={search_term_string}\"},\"query-input\":{\"@type\":\"PropertyValueSpecification\",\"valueRequired\":true,\"valueName\":\"search_term_string\"}}],\"inLanguage\":\"lv-LV\"}]}<\/script>\n<!-- \/ Yoast SEO plugin. -->","yoast_head_json":{"title":"Salons - Arens","description":"Apmekl\u0113 Arens salonu un apskati gatavus virtuvju projektus, k\u0101 ar\u012b iepaz\u012bsties ar pla\u0161o virtuves m\u0113be\u013cu materi\u0101lu sortimentu.","robots":{"index":"index","follow":"follow","max-snippet":"max-snippet:-1","max-image-preview":"max-image-preview:large","max-video-preview":"max-video-preview:-1"},"canonical":"https:\/\/arens.ee\/lv\/arens-salons\/","og_locale":"lv_LV","og_type":"article","og_title":"Salons - Arens","og_description":"Apmekl\u0113 Arens salonu un apskati gatavus virtuvju projektus, k\u0101 ar\u012b iepaz\u012bsties ar pla\u0161o virtuves m\u0113be\u013cu materi\u0101lu sortimentu.","og_url":"https:\/\/arens.ee\/lv\/arens-salons\/","og_site_name":"Arens","article_modified_time":"2023-10-02T12:12:44+00:00","og_image":[{"width":1200,"height":627,"url":"https:\/\/arens.ee\/wp-content\/uploads\/2021\/12\/arens-social.jpeg","type":"image\/jpeg"}],"twitter_card":"summary_large_image","schema":{"@context":"https:\/\/schema.org","@graph":[{"@type":"WebPage","@id":"https:\/\/arens.ee\/lv\/arens-salons\/","url":"https:\/\/arens.ee\/lv\/arens-salons\/","name":"Salons - Arens","isPartOf":{"@id":"https:\/\/arens.ee\/#website"},"datePublished":"2021-10-21T06:44:58+00:00","dateModified":"2023-10-02T12:12:44+00:00","description":"Apmekl\u0113 Arens salonu un apskati gatavus virtuvju projektus, k\u0101 ar\u012b iepaz\u012bsties ar pla\u0161o virtuves m\u0113be\u013cu materi\u0101lu sortimentu.","breadcrumb":{"@id":"https:\/\/arens.ee\/lv\/arens-salons\/#breadcrumb"},"inLanguage":"lv-LV","potentialAction":[{"@type":"ReadAction","target":["https:\/\/arens.ee\/lv\/arens-salons\/"]}]},{"@type":"BreadcrumbList","@id":"https:\/\/arens.ee\/lv\/arens-salons\/#breadcrumb","itemListElement":[{"@type":"ListItem","position":1,"name":"Home","item":"https:\/\/arens.ee\/lv\/"},{"@type":"ListItem","position":2,"name":"Salons"}]},{"@type":"WebSite","@id":"https:\/\/arens.ee\/#website","url":"https:\/\/arens.ee\/","name":"Arens","description":"","potentialAction":[{"@type":"SearchAction","target":{"@type":"EntryPoint","urlTemplate":"https:\/\/arens.ee\/?s={search_term_string}"},"query-input":{"@type":"PropertyValueSpecification","valueRequired":true,"valueName":"search_term_string"}}],"inLanguage":"lv-LV"}]}},"page_title_background":[""],"countries_to_show":["a:1:{i:0;s:3:\"643\";}"],"header_color":["white"],"header_info":[""],"rest_api_enabler":{"page_title_background":"","countries_to_show":"a:1:{i:0;s:3:\"643\";}","header_color":"white","header_info":""},"_links":{"self":[{"href":"https:\/\/arens.ee\/lv\/wp-json\/wp\/v2\/pages\/10245","targetHints":{"allow":["GET"]}}],"collection":[{"href":"https:\/\/arens.ee\/lv\/wp-json\/wp\/v2\/pages"}],"about":[{"href":"https:\/\/arens.ee\/lv\/wp-json\/wp\/v2\/types\/page"}],"author":[{"embeddable":true,"href":"https:\/\/arens.ee\/lv\/wp-json\/wp\/v2\/users\/1"}],"replies":[{"embeddable":true,"href":"https:\/\/arens.ee\/lv\/wp-json\/wp\/v2\/comments?post=10245"}],"version-history":[{"count":15,"href":"https:\/\/arens.ee\/lv\/wp-json\/wp\/v2\/pages\/10245\/revisions"}],"predecessor-version":[{"id":12214,"href":"https:\/\/arens.ee\/lv\/wp-json\/wp\/v2\/pages\/10245\/revisions\/12214"}],"wp:attachment":[{"href":"https:\/\/arens.ee\/lv\/wp-json\/wp\/v2\/media?parent=10245"}],"curies":[{"name":"wp","href":"https:\/\/api.w.org\/{rel}","templated":true}]}}