{"id":10290,"date":"2021-10-21T09:45:37","date_gmt":"2021-10-21T06:45:37","guid":{"rendered":"https:\/\/arens.ee\/tellimisinfo\/"},"modified":"2025-01-07T10:27:00","modified_gmt":"2025-01-07T08:27:00","slug":"info","status":"publish","type":"page","link":"https:\/\/arens.ee\/lv\/info\/","title":{"rendered":"Info"},"content":{"rendered":"<p>[vc_row][vc_column]\n<div class=\"wpcf7 no-js\" id=\"wpcf7-f11811-o1\" lang=\"et\" dir=\"ltr\" data-wpcf7-id=\"11811\">\n<div class=\"screen-reader-response\"><p role=\"status\" aria-live=\"polite\" aria-atomic=\"true\"><\/p> <ul><\/ul><\/div>\n<form action=\"\/lv\/wp-json\/wp\/v2\/pages\/10290#wpcf7-f11811-o1\" method=\"post\" class=\"wpcf7-form init\" aria-label=\"Contact form\" novalidate=\"novalidate\" data-status=\"init\">\n<fieldset class=\"hidden-fields-container\"><input type=\"hidden\" name=\"_wpcf7\" value=\"11811\" \/><input type=\"hidden\" name=\"_wpcf7_version\" value=\"6.1.5\" \/><input type=\"hidden\" name=\"_wpcf7_locale\" value=\"et\" \/><input type=\"hidden\" name=\"_wpcf7_unit_tag\" value=\"wpcf7-f11811-o1\" \/><input type=\"hidden\" name=\"_wpcf7_container_post\" value=\"0\" \/><input type=\"hidden\" name=\"_wpcf7_posted_data_hash\" value=\"\" \/><input type=\"hidden\" name=\"_wpcf7_recaptcha_response\" value=\"\" \/>\n<\/fieldset>\n<div class=\"custom-input\">\n\t<p><span class=\"wpcf7-form-control-wrap\" data-name=\"your-name\"><input size=\"40\" maxlength=\"400\" class=\"wpcf7-form-control wpcf7-text wpcf7-validates-as-required\" aria-required=\"true\" aria-invalid=\"false\" value=\"\" type=\"text\" name=\"your-name\" \/><\/span><br \/>\n<label for=\"your-name\">J\u016bsu v\u0101rds<\/label>\n\t<\/p>\n<\/div>\n<div class=\"custom-input\">\n\t<p><span class=\"wpcf7-form-control-wrap\" data-name=\"your-tel\"><input size=\"40\" maxlength=\"10\" minlength=\"5\" class=\"wpcf7-form-control wpcf7-tel wpcf7-validates-as-required wpcf7-text wpcf7-validates-as-tel\" autocomplete=\"tel\" aria-required=\"true\" aria-invalid=\"false\" value=\"\" type=\"tel\" name=\"your-tel\" \/><\/span><br \/>\n<label for=\"your-tel\">J\u016bsu telefons<\/label>\n\t<\/p>\n<\/div>\n<div class=\"custom-input\">\n\t<p><span class=\"wpcf7-form-control-wrap\" data-name=\"your-email\"><input size=\"40\" maxlength=\"400\" class=\"wpcf7-form-control wpcf7-email wpcf7-validates-as-required wpcf7-text wpcf7-validates-as-email\" aria-required=\"true\" aria-invalid=\"false\" value=\"\" type=\"email\" name=\"your-email\" \/><\/span><br \/>\n<label for=\"your-email\">J\u016bsu epasts<\/label>\n\t<\/p>\n<\/div>\n<div class=\"custom-input\">\n\t<p><span class=\"wpcf7-form-control-wrap\" data-name=\"your-message\"><textarea cols=\"40\" rows=\"10\" maxlength=\"2000\" class=\"wpcf7-form-control wpcf7-textarea\" aria-invalid=\"false\" name=\"your-message\"><\/textarea><\/span><br \/>\n<label for=\"your-message\">J\u016bsu zi\u0146ojums<\/label>\n\t<\/p>\n<\/div>\n<div class=\"input-row\">\n\t<p><span class=\"wpcf7-form-control-wrap\" data-name=\"upload-file-962\"><input size=\"40\" class=\"wpcf7-form-control wpcf7-drag-n-drop-file d-none\" aria-invalid=\"false\" type=\"file\" multiple=\"multiple\" data-name=\"upload-file-962\" data-type=\"jpeg|png|jpg|pdf\" data-id=\"11811\" data-version=\"free version 1.3.9.5\" accept=\".jpeg, .png, .jpg, .pdf\" \/><\/span>\n\t<\/p>\n\t<div class=\"custom-input btn-wrap\">\n\t\t<p><button type=\"submit\" class=\"wpcf7-submit btn red-circle\">S\u016bt\u012bt<br \/>\n<span class=\"circle\"><\/span><\/button>\n\t\t<\/p>\n\t<\/div>\n<\/div><div class=\"wpcf7-response-output\" aria-hidden=\"true\"><\/div>\n<\/form>\n<\/div>\n[\/vc_column][\/vc_row][vc_row][vc_column][vc_images_carousel images=&#8221;15612,15422,15117,14997,14121,13948,13876,13920,13111,12772,12796,12866&#8243;][\/vc_column][\/vc_row]<\/p>\n","protected":false},"excerpt":{"rendered":"[vc_row][vc_column][\/vc_column][\/vc_row][vc_row][vc_column][vc_images_carousel images=&#8221;15612,15422,15117,14997,14121,13948,13876,13920,13111,12772,12796,12866&#8243;][\/vc_column][\/vc_row]","protected":false},"author":1,"featured_media":0,"parent":0,"menu_order":0,"comment_status":"closed","ping_status":"closed","template":"template-order-info.php","meta":{"_acf_changed":false,"footnotes":""},"class_list":["post-10290","page","type-page","status-publish","hentry"],"acf":[],"yoast_head":"<!-- This site is optimized with the Yoast SEO plugin v27.4 - https:\/\/yoast.com\/product\/yoast-seo-wordpress\/ -->\n<title>Info - Arens<\/title>\n<meta name=\"description\" content=\"Arens info - viss par pas\u016bt\u012b\u0161anas procesu, virtuves pl\u0101no\u0161anu, dizaina izstr\u0101di un tehniskaj\u0101m vajadz\u012bb\u0101m tavai jaunajai virtuves iek\u0101rtai\" \/>\n<meta name=\"robots\" content=\"index, follow, max-snippet:-1, max-image-preview:large, max-video-preview:-1\" \/>\n<link rel=\"canonical\" href=\"https:\/\/arens.ee\/lv\/info\/\" \/>\n<meta property=\"og:locale\" content=\"lv_LV\" \/>\n<meta property=\"og:type\" content=\"article\" \/>\n<meta property=\"og:title\" content=\"Arens info\" \/>\n<meta property=\"og:description\" content=\"Viss par virtuves iek\u0101rtas pas\u016bt\u012b\u0161anas procesu, dizaina izstr\u0101di un Arens k\u0101 ra\u017eot\u0101ju\" \/>\n<meta property=\"og:url\" content=\"https:\/\/arens.ee\/lv\/info\/\" \/>\n<meta property=\"og:site_name\" content=\"Arens\" \/>\n<meta property=\"article:modified_time\" content=\"2025-01-07T08:27:00+00:00\" \/>\n<meta property=\"og:image\" content=\"https:\/\/arens.ee\/wp-content\/uploads\/2024\/01\/tekstilianakitchen-46.jpg\" \/>\n\t<meta property=\"og:image:width\" content=\"2560\" \/>\n\t<meta property=\"og:image:height\" content=\"1440\" \/>\n\t<meta property=\"og:image:type\" content=\"image\/jpeg\" \/>\n<meta name=\"twitter:card\" content=\"summary_large_image\" \/>\n<script type=\"application\/ld+json\" class=\"yoast-schema-graph\">{\"@context\":\"https:\\\/\\\/schema.org\",\"@graph\":[{\"@type\":\"WebPage\",\"@id\":\"https:\\\/\\\/arens.ee\\\/lv\\\/info\\\/\",\"url\":\"https:\\\/\\\/arens.ee\\\/lv\\\/info\\\/\",\"name\":\"Info - Arens\",\"isPartOf\":{\"@id\":\"https:\\\/\\\/arens.ee\\\/#website\"},\"datePublished\":\"2021-10-21T06:45:37+00:00\",\"dateModified\":\"2025-01-07T08:27:00+00:00\",\"description\":\"Arens info - viss par pas\u016bt\u012b\u0161anas procesu, virtuves pl\u0101no\u0161anu, dizaina izstr\u0101di un tehniskaj\u0101m vajadz\u012bb\u0101m tavai jaunajai virtuves iek\u0101rtai\",\"breadcrumb\":{\"@id\":\"https:\\\/\\\/arens.ee\\\/lv\\\/info\\\/#breadcrumb\"},\"inLanguage\":\"lv-LV\",\"potentialAction\":[{\"@type\":\"ReadAction\",\"target\":[\"https:\\\/\\\/arens.ee\\\/lv\\\/info\\\/\"]}]},{\"@type\":\"BreadcrumbList\",\"@id\":\"https:\\\/\\\/arens.ee\\\/lv\\\/info\\\/#breadcrumb\",\"itemListElement\":[{\"@type\":\"ListItem\",\"position\":1,\"name\":\"Home\",\"item\":\"https:\\\/\\\/arens.ee\\\/lv\\\/\"},{\"@type\":\"ListItem\",\"position\":2,\"name\":\"Info\"}]},{\"@type\":\"WebSite\",\"@id\":\"https:\\\/\\\/arens.ee\\\/#website\",\"url\":\"https:\\\/\\\/arens.ee\\\/\",\"name\":\"Arens\",\"description\":\"\",\"potentialAction\":[{\"@type\":\"SearchAction\",\"target\":{\"@type\":\"EntryPoint\",\"urlTemplate\":\"https:\\\/\\\/arens.ee\\\/?s={search_term_string}\"},\"query-input\":{\"@type\":\"PropertyValueSpecification\",\"valueRequired\":true,\"valueName\":\"search_term_string\"}}],\"inLanguage\":\"lv-LV\"}]}<\/script>\n<!-- \/ Yoast SEO plugin. -->","yoast_head_json":{"title":"Info - Arens","description":"Arens info - viss par pas\u016bt\u012b\u0161anas procesu, virtuves pl\u0101no\u0161anu, dizaina izstr\u0101di un tehniskaj\u0101m vajadz\u012bb\u0101m tavai jaunajai virtuves iek\u0101rtai","robots":{"index":"index","follow":"follow","max-snippet":"max-snippet:-1","max-image-preview":"max-image-preview:large","max-video-preview":"max-video-preview:-1"},"canonical":"https:\/\/arens.ee\/lv\/info\/","og_locale":"lv_LV","og_type":"article","og_title":"Arens info","og_description":"Viss par virtuves iek\u0101rtas pas\u016bt\u012b\u0161anas procesu, dizaina izstr\u0101di un Arens k\u0101 ra\u017eot\u0101ju","og_url":"https:\/\/arens.ee\/lv\/info\/","og_site_name":"Arens","article_modified_time":"2025-01-07T08:27:00+00:00","og_image":[{"width":2560,"height":1440,"url":"https:\/\/arens.ee\/wp-content\/uploads\/2024\/01\/tekstilianakitchen-46.jpg","type":"image\/jpeg"}],"twitter_card":"summary_large_image","schema":{"@context":"https:\/\/schema.org","@graph":[{"@type":"WebPage","@id":"https:\/\/arens.ee\/lv\/info\/","url":"https:\/\/arens.ee\/lv\/info\/","name":"Info - Arens","isPartOf":{"@id":"https:\/\/arens.ee\/#website"},"datePublished":"2021-10-21T06:45:37+00:00","dateModified":"2025-01-07T08:27:00+00:00","description":"Arens info - viss par pas\u016bt\u012b\u0161anas procesu, virtuves pl\u0101no\u0161anu, dizaina izstr\u0101di un tehniskaj\u0101m vajadz\u012bb\u0101m tavai jaunajai virtuves iek\u0101rtai","breadcrumb":{"@id":"https:\/\/arens.ee\/lv\/info\/#breadcrumb"},"inLanguage":"lv-LV","potentialAction":[{"@type":"ReadAction","target":["https:\/\/arens.ee\/lv\/info\/"]}]},{"@type":"BreadcrumbList","@id":"https:\/\/arens.ee\/lv\/info\/#breadcrumb","itemListElement":[{"@type":"ListItem","position":1,"name":"Home","item":"https:\/\/arens.ee\/lv\/"},{"@type":"ListItem","position":2,"name":"Info"}]},{"@type":"WebSite","@id":"https:\/\/arens.ee\/#website","url":"https:\/\/arens.ee\/","name":"Arens","description":"","potentialAction":[{"@type":"SearchAction","target":{"@type":"EntryPoint","urlTemplate":"https:\/\/arens.ee\/?s={search_term_string}"},"query-input":{"@type":"PropertyValueSpecification","valueRequired":true,"valueName":"search_term_string"}}],"inLanguage":"lv-LV"}]}},"page_title_background":[""],"hero_content":["<p style=\"text-align: justify;\">Lai veiktu virtuves iek\u0101rtas pas\u016bt\u012bjumu nepiecie\u0161ams pieteikties pirmajai dizaina konsult\u0101cijai Arens salon\u0101.<\/p>\r\n<p style=\"text-align: justify;\">Uz pirmo konsult\u0101ciju j\u0101\u0146em l\u012bdz telpas pl\u0101nojums, kur\u0101 iek\u013cautas \u016bdens piesl\u0113gumu, elektroinstal\u0101ciju un citu izvadu novietojums, k\u0101 ar\u012b logu un durvju atra\u0161an\u0101s vietas. Arens pieejamo materi\u0101lu un furnit\u016bru <a href=\"https:\/\/arens.ee\/lv\/kategooria\/dekor\/\">sortiments<\/a> ir atrodams Arens m\u0101jaslap\u0101, bet dab\u0101 apskat\u0101ms salon\u0101 R\u012bg\u0101.<\/p>\r\n<p style=\"text-align: justify;\">Balstoties uz klienta sniegtajiem datiem un v\u0113lm\u0113m, dizainers izstr\u0101d\u0101 virtuves m\u0113be\u013cu projektu, paral\u0113li konsult\u0113joties ar klientu par ikdienas vajadz\u012bb\u0101m un dizaina iecer\u0113m, ja nepiecie\u0161ams veido at\u0161\u0137ir\u012bgus izmaksu variantus. Arens virtuves m\u0113beles dizaineri projekt\u0113 3D programm\u0101 Winner, ar k\u0101 pal\u012bdz\u012bbu klients var redz\u0113t izstr\u0101d\u0101t\u0101 dizaina v\u012bziju augstas kvalit\u0101tes vizualiz\u0101cij\u0101s. Pirms pas\u016bt\u012bjuma veik\u0161anas Arens veic prec\u012bzus telpas m\u0113r\u012bjumus, lai garant\u0113tu nevainojamu gala rezult\u0101tu.<\/p>\r\n<p style=\"text-align: justify;\">Pas\u016bt\u012bjuma l\u012bgum\u0101 un tehniskajos pielikumos ir nor\u0101d\u012bta m\u0113be\u013cu specifik\u0101cija, prec\u012bzas virtuves m\u0113beles izmaksas un projekta pabeig\u0161anas termi\u0146i. Pas\u016bt\u012bjums tiek apstiprin\u0101ts p\u0113c avansa maks\u0101juma sa\u0146em\u0161anas un tiek pieg\u0101d\u0101ts p\u0113c atliku\u0161\u0101s summas sa\u0146em\u0161anas. Pieg\u0101des, mont\u0101\u017eas un pas\u016bt\u012bjuma izpako\u0161anas pakalpojumiem tiek piem\u0113rota maksa, kura ir iek\u013cauta s\u0101kotn\u0113j\u0101 virtuves cenu pied\u0101v\u0101jum\u0101.<\/p>"],"hero_background":["12647"],"button_title":["Salons"],"button_link":["https:\/\/arens.ee\/lv\/arens-salons\/"],"payment_method":[""],"header_color":["white"],"rest_api_enabler":{"page_title_background":"","hero_content":"<p style=\"text-align: justify;\">Lai veiktu virtuves iek\u0101rtas pas\u016bt\u012bjumu nepiecie\u0161ams pieteikties pirmajai dizaina konsult\u0101cijai Arens salon\u0101.<\/p>\r\n<p style=\"text-align: justify;\">Uz pirmo konsult\u0101ciju j\u0101\u0146em l\u012bdz telpas pl\u0101nojums, kur\u0101 iek\u013cautas \u016bdens piesl\u0113gumu, elektroinstal\u0101ciju un citu izvadu novietojums, k\u0101 ar\u012b logu un durvju atra\u0161an\u0101s vietas. Arens pieejamo materi\u0101lu un furnit\u016bru <a href=\"https:\/\/arens.ee\/lv\/kategooria\/dekor\/\">sortiments<\/a> ir atrodams Arens m\u0101jaslap\u0101, bet dab\u0101 apskat\u0101ms salon\u0101 R\u012bg\u0101.<\/p>\r\n<p style=\"text-align: justify;\">Balstoties uz klienta sniegtajiem datiem un v\u0113lm\u0113m, dizainers izstr\u0101d\u0101 virtuves m\u0113be\u013cu projektu, paral\u0113li konsult\u0113joties ar klientu par ikdienas vajadz\u012bb\u0101m un dizaina iecer\u0113m, ja nepiecie\u0161ams veido at\u0161\u0137ir\u012bgus izmaksu variantus. Arens virtuves m\u0113beles dizaineri projekt\u0113 3D programm\u0101 Winner, ar k\u0101 pal\u012bdz\u012bbu klients var redz\u0113t izstr\u0101d\u0101t\u0101 dizaina v\u012bziju augstas kvalit\u0101tes vizualiz\u0101cij\u0101s. Pirms pas\u016bt\u012bjuma veik\u0161anas Arens veic prec\u012bzus telpas m\u0113r\u012bjumus, lai garant\u0113tu nevainojamu gala rezult\u0101tu.<\/p>\r\n<p style=\"text-align: justify;\">Pas\u016bt\u012bjuma l\u012bgum\u0101 un tehniskajos pielikumos ir nor\u0101d\u012bta m\u0113be\u013cu specifik\u0101cija, prec\u012bzas virtuves m\u0113beles izmaksas un projekta pabeig\u0161anas termi\u0146i. Pas\u016bt\u012bjums tiek apstiprin\u0101ts p\u0113c avansa maks\u0101juma sa\u0146em\u0161anas un tiek pieg\u0101d\u0101ts p\u0113c atliku\u0161\u0101s summas sa\u0146em\u0161anas. Pieg\u0101des, mont\u0101\u017eas un pas\u016bt\u012bjuma izpako\u0161anas pakalpojumiem tiek piem\u0113rota maksa, kura ir iek\u013cauta s\u0101kotn\u0113j\u0101 virtuves cenu pied\u0101v\u0101jum\u0101.<\/p>","hero_background":"12647","button_title":"Salons","button_link":"https:\/\/arens.ee\/lv\/arens-salons\/","payment_method":"","header_color":"white"},"_links":{"self":[{"href":"https:\/\/arens.ee\/lv\/wp-json\/wp\/v2\/pages\/10290","targetHints":{"allow":["GET"]}}],"collection":[{"href":"https:\/\/arens.ee\/lv\/wp-json\/wp\/v2\/pages"}],"about":[{"href":"https:\/\/arens.ee\/lv\/wp-json\/wp\/v2\/types\/page"}],"author":[{"embeddable":true,"href":"https:\/\/arens.ee\/lv\/wp-json\/wp\/v2\/users\/1"}],"replies":[{"embeddable":true,"href":"https:\/\/arens.ee\/lv\/wp-json\/wp\/v2\/comments?post=10290"}],"version-history":[{"count":12,"href":"https:\/\/arens.ee\/lv\/wp-json\/wp\/v2\/pages\/10290\/revisions"}],"predecessor-version":[{"id":15640,"href":"https:\/\/arens.ee\/lv\/wp-json\/wp\/v2\/pages\/10290\/revisions\/15640"}],"wp:attachment":[{"href":"https:\/\/arens.ee\/lv\/wp-json\/wp\/v2\/media?parent=10290"}],"curies":[{"name":"wp","href":"https:\/\/api.w.org\/{rel}","templated":true}]}}