{"id":12674,"date":"2024-01-18T15:17:31","date_gmt":"2024-01-18T13:17:31","guid":{"rendered":"https:\/\/arens.ee\/?page_id=12674"},"modified":"2024-09-11T16:09:52","modified_gmt":"2024-09-11T13:09:52","slug":"virtuves-iekartas-jaunajos-projektos","status":"publish","type":"page","link":"https:\/\/arens.ee\/lv\/virtuves-iekartas-jaunajos-projektos\/","title":{"rendered":"Virtuves iek\u0101rtas jaunajos projektos"},"content":{"rendered":"<p>[vc_row][vc_column][\/vc_column][\/vc_row][vc_row][vc_column width=&#8221;1\/2&#8243;][vc_column_text css_animation=&#8221;bounceIn&#8221;]<\/p>\n<h3 style=\"text-align: center;\">PAS\u016aT\u012a\u0160ANAS PROCESS<\/h3>\n<p>[\/vc_column_text][\/vc_column][vc_column width=&#8221;1\/2&#8243;][vc_column_text]PIRM\u0100 DIZAINA KONSULT\u0100CIJA<\/p>\n<p>Klients iepaz\u012bst\u0101s ar Arens virtuves materi\u0101lu sortimentu. Noteikti iesak\u0101m pirmo konsult\u0101ciju apmekl\u0113t m\u016bsu salon\u0101 <a href=\"https:\/\/maps.app.goo.gl\/mY4ixyZttU4tKbYj8\"><strong>Katlakalna iel\u0101 6D<\/strong><\/a>, R\u012bg\u0101, kur iesp\u0113jams apskat\u012bt 6 gatavus virtuvju projektus.<\/p>\n<p>DIZAINERS SAGATAVO DIZAINA PIED\u0100V\u0100JUMU<\/p>\n<p>Aptuvenais pied\u0101v\u0101juma sagatavo\u0161anas laiks ir viena ned\u0113\u013ca. P\u0113c virtuves pied\u0101v\u0101juma sa\u0146em\u0161anas notiek t\u0101 p\u0101rrun\u0101\u0161ana un ja nepiecie\u0161ams korekcijas.<\/p>\n<p>M\u0112R\u012aJUMU VEIK\u0160ANA OBJEKT\u0100<\/p>\n<p>Dizainers piel\u0101go projektu virtuves prec\u012bziem izm\u0113riem un t\u0101l\u0101k tiek parakst\u012bta vieno\u0161an\u0101s par virtuves izgatavo\u0161anu.<\/p>\n<p>VIRTUVES IZGATAVO\u0160ANA<\/p>\n<p>Izgatavo\u0161anas aptuvenais termi\u0146\u0161 ir 2-3 m\u0113ne\u0161i.<\/p>\n<p>ARENS SASKA\u0145O PIEG\u0100DES UN UZTS\u0100D\u012a\u0160ANAS LAIKU<\/p>\n<p>Arens komanda ar klientu sazin\u0101s par \u0113rt\u0101ko uzst\u0101d\u012b\u0161anas un pieg\u0101des laiku.<\/p>\n<p>VIRTUVES MONT\u0100\u017dAS PROCESS<\/p>\n<p>Procesa ilgums atkar\u012bgs no izv\u0113l\u0113tajiem materi\u0101liem un virtuves izm\u0113riem.[\/vc_column_text][\/vc_column][\/vc_row]<\/p>\n","protected":false},"excerpt":{"rendered":"[vc_row][vc_column][\/vc_column][\/vc_row][vc_row][vc_column width=&#8221;1\/2&#8243;][vc_column_text css_animation=&#8221;bounceIn&#8221;] PAS\u016aT\u012a\u0160ANAS PROCESS [\/vc_column_text][\/vc_column][vc_column width=&#8221;1\/2&#8243;][vc_column_text]PIRM\u0100 DIZAINA KONSULT\u0100CIJA Klients iepaz\u012bst\u0101s ar Arens virtuves materi\u0101lu sortimentu. Noteikti iesak\u0101m pirmo konsult\u0101ciju apmekl\u0113t m\u016bsu salon\u0101 Katlakalna iel\u0101 6D, R\u012bg\u0101, kur iesp\u0113jams apskat\u012bt 6 gatavus virtuvju projektus. DIZAINERS SAGATAVO DIZAINA PIED\u0100V\u0100JUMU Aptuvenais pied\u0101v\u0101juma sagatavo\u0161anas laiks ir viena ned\u0113\u013ca. P\u0113c virtuves pied\u0101v\u0101juma sa\u0146em\u0161anas notiek t\u0101 p\u0101rrun\u0101\u0161ana un ja nepiecie\u0161ams&#8230; <a class=\"view-article\" href=\"https:\/\/arens.ee\/lv\/virtuves-iekartas-jaunajos-projektos\/\">&#8230;<\/a>","protected":false},"author":1,"featured_media":0,"parent":0,"menu_order":0,"comment_status":"closed","ping_status":"closed","template":"template-kitchen-projects.php","meta":{"_acf_changed":false,"footnotes":""},"class_list":["post-12674","page","type-page","status-publish","hentry"],"acf":[],"yoast_head":"<!-- This site is optimized with the Yoast SEO plugin v27.5 - https:\/\/yoast.com\/product\/yoast-seo-wordpress\/ -->\n<title>Virtuves iek\u0101rtas jaunajos projektos - Arens<\/title>\n<meta name=\"description\" content=\"Arens pied\u0101v\u0101 individu\u0101li istr\u0101d\u0101tas virtuves iek\u0101rtas jauno projektu m\u0101jok\u013cu \u012bpa\u0161niekiem. Izgatavojam virtuves un citas m\u0113beles!\" \/>\n<meta name=\"robots\" content=\"index, follow, max-snippet:-1, max-image-preview:large, max-video-preview:-1\" \/>\n<link rel=\"canonical\" href=\"https:\/\/arens.ee\/lv\/virtuves-iekartas-jaunajos-projektos\/\" \/>\n<meta property=\"og:locale\" content=\"lv_LV\" \/>\n<meta property=\"og:type\" content=\"article\" \/>\n<meta property=\"og:title\" content=\"Virtuves iek\u0101rtas jaunajos projektos - Arens\" \/>\n<meta property=\"og:description\" content=\"Arens pied\u0101v\u0101 individu\u0101li istr\u0101d\u0101tas virtuves iek\u0101rtas jauno projektu m\u0101jok\u013cu \u012bpa\u0161niekiem. Izgatavojam virtuves un citas m\u0113beles!\" \/>\n<meta property=\"og:url\" content=\"https:\/\/arens.ee\/lv\/virtuves-iekartas-jaunajos-projektos\/\" \/>\n<meta property=\"og:site_name\" content=\"Arens\" \/>\n<meta property=\"article:modified_time\" content=\"2024-09-11T13:09:52+00:00\" \/>\n<meta property=\"og:image\" content=\"https:\/\/arens.ee\/wp-content\/uploads\/2021\/12\/arens-social.jpeg\" \/>\n\t<meta property=\"og:image:width\" content=\"1200\" \/>\n\t<meta property=\"og:image:height\" content=\"627\" \/>\n\t<meta property=\"og:image:type\" content=\"image\/jpeg\" \/>\n<meta name=\"twitter:card\" content=\"summary_large_image\" \/>\n<meta name=\"twitter:label1\" content=\"Est. reading time\" \/>\n\t<meta name=\"twitter:data1\" content=\"1 minute\" \/>\n<script type=\"application\/ld+json\" class=\"yoast-schema-graph\">{\"@context\":\"https:\\\/\\\/schema.org\",\"@graph\":[{\"@type\":\"WebPage\",\"@id\":\"https:\\\/\\\/arens.ee\\\/lv\\\/virtuves-iekartas-jaunajos-projektos\\\/\",\"url\":\"https:\\\/\\\/arens.ee\\\/lv\\\/virtuves-iekartas-jaunajos-projektos\\\/\",\"name\":\"Virtuves iek\u0101rtas jaunajos projektos - Arens\",\"isPartOf\":{\"@id\":\"https:\\\/\\\/arens.ee\\\/#website\"},\"datePublished\":\"2024-01-18T13:17:31+00:00\",\"dateModified\":\"2024-09-11T13:09:52+00:00\",\"description\":\"Arens pied\u0101v\u0101 individu\u0101li istr\u0101d\u0101tas virtuves iek\u0101rtas jauno projektu m\u0101jok\u013cu \u012bpa\u0161niekiem. Izgatavojam virtuves un citas m\u0113beles!\",\"breadcrumb\":{\"@id\":\"https:\\\/\\\/arens.ee\\\/lv\\\/virtuves-iekartas-jaunajos-projektos\\\/#breadcrumb\"},\"inLanguage\":\"lv-LV\",\"potentialAction\":[{\"@type\":\"ReadAction\",\"target\":[\"https:\\\/\\\/arens.ee\\\/lv\\\/virtuves-iekartas-jaunajos-projektos\\\/\"]}]},{\"@type\":\"BreadcrumbList\",\"@id\":\"https:\\\/\\\/arens.ee\\\/lv\\\/virtuves-iekartas-jaunajos-projektos\\\/#breadcrumb\",\"itemListElement\":[{\"@type\":\"ListItem\",\"position\":1,\"name\":\"Home\",\"item\":\"https:\\\/\\\/arens.ee\\\/lv\\\/\"},{\"@type\":\"ListItem\",\"position\":2,\"name\":\"Virtuves iek\u0101rtas jaunajos projektos\"}]},{\"@type\":\"WebSite\",\"@id\":\"https:\\\/\\\/arens.ee\\\/#website\",\"url\":\"https:\\\/\\\/arens.ee\\\/\",\"name\":\"Arens\",\"description\":\"\",\"potentialAction\":[{\"@type\":\"SearchAction\",\"target\":{\"@type\":\"EntryPoint\",\"urlTemplate\":\"https:\\\/\\\/arens.ee\\\/?s={search_term_string}\"},\"query-input\":{\"@type\":\"PropertyValueSpecification\",\"valueRequired\":true,\"valueName\":\"search_term_string\"}}],\"inLanguage\":\"lv-LV\"}]}<\/script>\n<!-- \/ Yoast SEO plugin. -->","yoast_head_json":{"title":"Virtuves iek\u0101rtas jaunajos projektos - Arens","description":"Arens pied\u0101v\u0101 individu\u0101li istr\u0101d\u0101tas virtuves iek\u0101rtas jauno projektu m\u0101jok\u013cu \u012bpa\u0161niekiem. Izgatavojam virtuves un citas m\u0113beles!","robots":{"index":"index","follow":"follow","max-snippet":"max-snippet:-1","max-image-preview":"max-image-preview:large","max-video-preview":"max-video-preview:-1"},"canonical":"https:\/\/arens.ee\/lv\/virtuves-iekartas-jaunajos-projektos\/","og_locale":"lv_LV","og_type":"article","og_title":"Virtuves iek\u0101rtas jaunajos projektos - Arens","og_description":"Arens pied\u0101v\u0101 individu\u0101li istr\u0101d\u0101tas virtuves iek\u0101rtas jauno projektu m\u0101jok\u013cu \u012bpa\u0161niekiem. Izgatavojam virtuves un citas m\u0113beles!","og_url":"https:\/\/arens.ee\/lv\/virtuves-iekartas-jaunajos-projektos\/","og_site_name":"Arens","article_modified_time":"2024-09-11T13:09:52+00:00","og_image":[{"width":1200,"height":627,"url":"https:\/\/arens.ee\/wp-content\/uploads\/2021\/12\/arens-social.jpeg","type":"image\/jpeg"}],"twitter_card":"summary_large_image","twitter_misc":{"Est. reading time":"1 minute"},"schema":{"@context":"https:\/\/schema.org","@graph":[{"@type":"WebPage","@id":"https:\/\/arens.ee\/lv\/virtuves-iekartas-jaunajos-projektos\/","url":"https:\/\/arens.ee\/lv\/virtuves-iekartas-jaunajos-projektos\/","name":"Virtuves iek\u0101rtas jaunajos projektos - Arens","isPartOf":{"@id":"https:\/\/arens.ee\/#website"},"datePublished":"2024-01-18T13:17:31+00:00","dateModified":"2024-09-11T13:09:52+00:00","description":"Arens pied\u0101v\u0101 individu\u0101li istr\u0101d\u0101tas virtuves iek\u0101rtas jauno projektu m\u0101jok\u013cu \u012bpa\u0161niekiem. Izgatavojam virtuves un citas m\u0113beles!","breadcrumb":{"@id":"https:\/\/arens.ee\/lv\/virtuves-iekartas-jaunajos-projektos\/#breadcrumb"},"inLanguage":"lv-LV","potentialAction":[{"@type":"ReadAction","target":["https:\/\/arens.ee\/lv\/virtuves-iekartas-jaunajos-projektos\/"]}]},{"@type":"BreadcrumbList","@id":"https:\/\/arens.ee\/lv\/virtuves-iekartas-jaunajos-projektos\/#breadcrumb","itemListElement":[{"@type":"ListItem","position":1,"name":"Home","item":"https:\/\/arens.ee\/lv\/"},{"@type":"ListItem","position":2,"name":"Virtuves iek\u0101rtas jaunajos projektos"}]},{"@type":"WebSite","@id":"https:\/\/arens.ee\/#website","url":"https:\/\/arens.ee\/","name":"Arens","description":"","potentialAction":[{"@type":"SearchAction","target":{"@type":"EntryPoint","urlTemplate":"https:\/\/arens.ee\/?s={search_term_string}"},"query-input":{"@type":"PropertyValueSpecification","valueRequired":true,"valueName":"search_term_string"}}],"inLanguage":"lv-LV"}]}},"header_color":["transparent"],"page_title_background":["12649"],"page_info":["Arens dizaineri ir iepazinu\u0161ies ar jauno projektu specifiku un sp\u0113s pied\u0101v\u0101t \u0113rt\u0101kos un p\u0101rdom\u0101t\u0101kos risin\u0101jumus virtuves iek\u0101rtas dizain\u0101, tie\u0161i J\u016bsu m\u0101joklim."],"projects_0_project_name":["ESTERA "],"projects_0_project_info":["TEKSTILIANA"],"projects_0_project_link":["a:3:{s:5:\"title\";s:16:\"Uzzin\u0101t vair\u0101k\";s:3:\"url\";s:75:\"https:\/\/arens.ee\/project\/ipasais-virtuves-piedavajums-tekstiliana-klientiem\";s:6:\"target\";s:0:\"\";}"],"projects_0_project_image":["13595"],"projects":["4"],"text_blocks_0_title":["\u0113rta pl\u0101no\u0161ana"],"text_blocks_0_text":["Bezmaksas dizaina konsult\u0101cija, pla\u0161s materi\u0101lu sortiments, dizaina projekta izstr\u0101de no A l\u012bdz Z"],"text_blocks_1_title":["individu\u0101la pieeja"],"text_blocks_1_text":["Katrs izstr\u0101d\u0101tais virtuves iek\u0101rtas dizains Arens ir unik\u0101ls. Varam piel\u0101goties jebkuram interjera stilam un atrast tie\u0161i jums piem\u0113rotu materi\u0101lu kombin\u0101ciju"],"text_blocks_2_title":["viss vienuviet"],"text_blocks_2_text":["Pied\u0101v\u0101jam pilna servisa pakalpojumus s\u0101kot ar virtuves iek\u0101rtas dizaina projektu un beidzot ar gatavu un uzst\u0101d\u012btu virtuves m\u0113beli j\u016bsu m\u0101jokl\u012b"],"text_blocks_3_title":["gandar\u012bjums ilgtermi\u0146\u0101"],"text_blocks_3_text":["Katrai Arens virtuves iek\u0101rtai sniedzam divu gadu garantiju. Ja rodas v\u0113lme atjaunot Arens uzst\u0101d\u012bto virtuvi ir iesp\u0113ja to atsvaidzin\u0101t ar jaun\u0101m idej\u0101m"],"text_blocks":["4"],"contact_form":["[contact-form-7 id=\"89b183f\" title=\"Kontaktivorm LV\"]"],"contact_form_title":["SAZINIES AR MUMS"],"contact_form_text":["<h1 class=\"widget-title\"><span style=\"font-size: 12pt;\"><a href=\"mailto:arens@arens.ee\">info@arens.ee<\/a><\/span><\/h1>"],"projects_1_project_name":["KAAMOS"],"projects_1_project_info":["\u0100BE\u013bZIEDU TERASES, MOHO PARK, MOHO GARDEN"],"projects_1_project_link":["a:3:{s:5:\"title\";s:14:\"Uzzini vair\u0101k\";s:3:\"url\";s:64:\"https:\/\/arens.ee\/lv\/project\/ipasais-piedavajums-kaamos-klientiem\";s:6:\"target\";s:0:\"\";}"],"projects_1_project_image":["13651"],"projects_2_project_name":["HEPSOR"],"projects_2_project_info":[""],"projects_2_project_link":["a:3:{s:5:\"title\";s:14:\"Uzzini vair\u0101k\";s:3:\"url\";s:74:\"https:\/\/arens.ee\/lv\/project\/ipasais-piedavajums-hepsor-projektu-klientiem\/\";s:6:\"target\";s:0:\"\";}"],"projects_2_project_image":["13973"],"projects_3_project_name":["CITI PROJEKTI"],"projects_3_project_info":[""],"projects_3_project_link":[""],"projects_3_project_image":["13966"],"rest_api_enabler":{"header_color":"transparent","page_title_background":"12649","page_info":"Arens dizaineri ir iepazinu\u0161ies ar jauno projektu specifiku un sp\u0113s pied\u0101v\u0101t \u0113rt\u0101kos un p\u0101rdom\u0101t\u0101kos risin\u0101jumus virtuves iek\u0101rtas dizain\u0101, tie\u0161i J\u016bsu m\u0101joklim.","projects_0_project_name":"ESTERA ","projects_0_project_info":"TEKSTILIANA","projects_0_project_link":"a:3:{s:5:\"title\";s:16:\"Uzzin\u0101t vair\u0101k\";s:3:\"url\";s:75:\"https:\/\/arens.ee\/project\/ipasais-virtuves-piedavajums-tekstiliana-klientiem\";s:6:\"target\";s:0:\"\";}","projects_0_project_image":"13595","projects":"4","text_blocks_0_title":"\u0113rta pl\u0101no\u0161ana","text_blocks_0_text":"Bezmaksas dizaina konsult\u0101cija, pla\u0161s materi\u0101lu sortiments, dizaina projekta izstr\u0101de no A l\u012bdz Z","text_blocks_1_title":"individu\u0101la pieeja","text_blocks_1_text":"Katrs izstr\u0101d\u0101tais virtuves iek\u0101rtas dizains Arens ir unik\u0101ls. Varam piel\u0101goties jebkuram interjera stilam un atrast tie\u0161i jums piem\u0113rotu materi\u0101lu kombin\u0101ciju","text_blocks_2_title":"viss vienuviet","text_blocks_2_text":"Pied\u0101v\u0101jam pilna servisa pakalpojumus s\u0101kot ar virtuves iek\u0101rtas dizaina projektu un beidzot ar gatavu un uzst\u0101d\u012btu virtuves m\u0113beli j\u016bsu m\u0101jokl\u012b","text_blocks_3_title":"gandar\u012bjums ilgtermi\u0146\u0101","text_blocks_3_text":"Katrai Arens virtuves iek\u0101rtai sniedzam divu gadu garantiju. Ja rodas v\u0113lme atjaunot Arens uzst\u0101d\u012bto virtuvi ir iesp\u0113ja to atsvaidzin\u0101t ar jaun\u0101m idej\u0101m","text_blocks":"4","contact_form":"[contact-form-7 id=\"89b183f\" title=\"Kontaktivorm LV\"]","contact_form_title":"SAZINIES AR MUMS","contact_form_text":"<h1 class=\"widget-title\"><span style=\"font-size: 12pt;\"><a href=\"mailto:arens@arens.ee\">info@arens.ee<\/a><\/span><\/h1>","projects_1_project_name":"KAAMOS","projects_1_project_info":"\u0100BE\u013bZIEDU TERASES, MOHO PARK, MOHO GARDEN","projects_1_project_link":"a:3:{s:5:\"title\";s:14:\"Uzzini vair\u0101k\";s:3:\"url\";s:64:\"https:\/\/arens.ee\/lv\/project\/ipasais-piedavajums-kaamos-klientiem\";s:6:\"target\";s:0:\"\";}","projects_1_project_image":"13651","projects_2_project_name":"HEPSOR","projects_2_project_info":"","projects_2_project_link":"a:3:{s:5:\"title\";s:14:\"Uzzini vair\u0101k\";s:3:\"url\";s:74:\"https:\/\/arens.ee\/lv\/project\/ipasais-piedavajums-hepsor-projektu-klientiem\/\";s:6:\"target\";s:0:\"\";}","projects_2_project_image":"13973","projects_3_project_name":"CITI PROJEKTI","projects_3_project_info":"","projects_3_project_link":"","projects_3_project_image":"13966"},"_links":{"self":[{"href":"https:\/\/arens.ee\/lv\/wp-json\/wp\/v2\/pages\/12674","targetHints":{"allow":["GET"]}}],"collection":[{"href":"https:\/\/arens.ee\/lv\/wp-json\/wp\/v2\/pages"}],"about":[{"href":"https:\/\/arens.ee\/lv\/wp-json\/wp\/v2\/types\/page"}],"author":[{"embeddable":true,"href":"https:\/\/arens.ee\/lv\/wp-json\/wp\/v2\/users\/1"}],"replies":[{"embeddable":true,"href":"https:\/\/arens.ee\/lv\/wp-json\/wp\/v2\/comments?post=12674"}],"version-history":[{"count":32,"href":"https:\/\/arens.ee\/lv\/wp-json\/wp\/v2\/pages\/12674\/revisions"}],"predecessor-version":[{"id":15139,"href":"https:\/\/arens.ee\/lv\/wp-json\/wp\/v2\/pages\/12674\/revisions\/15139"}],"wp:attachment":[{"href":"https:\/\/arens.ee\/lv\/wp-json\/wp\/v2\/media?parent=12674"}],"curies":[{"name":"wp","href":"https:\/\/api.w.org\/{rel}","templated":true}]}}