{"id":12121,"date":"2023-09-13T01:35:21","date_gmt":"2023-09-12T22:35:21","guid":{"rendered":"https:\/\/arens.ee\/gdpr\/"},"modified":"2023-09-18T11:39:30","modified_gmt":"2023-09-18T08:39:30","slug":"gdpr","status":"publish","type":"page","link":"https:\/\/arens.ee\/no\/gdpr\/","title":{"rendered":"Personvernerkl\u00e6ring"},"content":{"rendered":"","protected":false},"excerpt":{"rendered":"","protected":false},"author":2,"featured_media":0,"parent":0,"menu_order":0,"comment_status":"closed","ping_status":"closed","template":"template-order-info.php","meta":{"_acf_changed":false,"footnotes":""},"class_list":["post-12121","page","type-page","status-publish","hentry"],"acf":[],"yoast_head":"<!-- This site is optimized with the Yoast SEO plugin v27.5 - https:\/\/yoast.com\/product\/yoast-seo-wordpress\/ -->\n<title>Personvernerkl\u00e6ring - Arens<\/title>\n<meta name=\"robots\" content=\"index, follow, max-snippet:-1, max-image-preview:large, max-video-preview:-1\" \/>\n<link rel=\"canonical\" href=\"https:\/\/arens.ee\/no\/gdpr\/\" \/>\n<meta property=\"og:locale\" content=\"nb_NO\" \/>\n<meta property=\"og:type\" content=\"article\" \/>\n<meta property=\"og:title\" content=\"Personvernerkl\u00e6ring - Arens\" \/>\n<meta property=\"og:url\" content=\"https:\/\/arens.ee\/no\/gdpr\/\" \/>\n<meta property=\"og:site_name\" content=\"Arens\" \/>\n<meta property=\"article:modified_time\" content=\"2023-09-18T08:39:30+00:00\" \/>\n<meta property=\"og:image\" content=\"https:\/\/arens.ee\/wp-content\/uploads\/2021\/12\/arens-social.jpeg\" \/>\n\t<meta property=\"og:image:width\" content=\"1200\" \/>\n\t<meta property=\"og:image:height\" content=\"627\" \/>\n\t<meta property=\"og:image:type\" content=\"image\/jpeg\" \/>\n<meta name=\"twitter:card\" content=\"summary_large_image\" \/>\n<script type=\"application\/ld+json\" class=\"yoast-schema-graph\">{\"@context\":\"https:\\\/\\\/schema.org\",\"@graph\":[{\"@type\":\"WebPage\",\"@id\":\"https:\\\/\\\/arens.ee\\\/no\\\/gdpr\\\/\",\"url\":\"https:\\\/\\\/arens.ee\\\/no\\\/gdpr\\\/\",\"name\":\"Personvernerkl\u00e6ring - Arens\",\"isPartOf\":{\"@id\":\"https:\\\/\\\/arens.ee\\\/#website\"},\"datePublished\":\"2023-09-12T22:35:21+00:00\",\"dateModified\":\"2023-09-18T08:39:30+00:00\",\"breadcrumb\":{\"@id\":\"https:\\\/\\\/arens.ee\\\/no\\\/gdpr\\\/#breadcrumb\"},\"inLanguage\":\"nb-NO\",\"potentialAction\":[{\"@type\":\"ReadAction\",\"target\":[\"https:\\\/\\\/arens.ee\\\/no\\\/gdpr\\\/\"]}]},{\"@type\":\"BreadcrumbList\",\"@id\":\"https:\\\/\\\/arens.ee\\\/no\\\/gdpr\\\/#breadcrumb\",\"itemListElement\":[{\"@type\":\"ListItem\",\"position\":1,\"name\":\"Home\",\"item\":\"https:\\\/\\\/arens.ee\\\/no\\\/\"},{\"@type\":\"ListItem\",\"position\":2,\"name\":\"Personvernerkl\u00e6ring\"}]},{\"@type\":\"WebSite\",\"@id\":\"https:\\\/\\\/arens.ee\\\/#website\",\"url\":\"https:\\\/\\\/arens.ee\\\/\",\"name\":\"Arens\",\"description\":\"\",\"potentialAction\":[{\"@type\":\"SearchAction\",\"target\":{\"@type\":\"EntryPoint\",\"urlTemplate\":\"https:\\\/\\\/arens.ee\\\/?s={search_term_string}\"},\"query-input\":{\"@type\":\"PropertyValueSpecification\",\"valueRequired\":true,\"valueName\":\"search_term_string\"}}],\"inLanguage\":\"nb-NO\"}]}<\/script>\n<!-- \/ Yoast SEO plugin. -->","yoast_head_json":{"title":"Personvernerkl\u00e6ring - Arens","robots":{"index":"index","follow":"follow","max-snippet":"max-snippet:-1","max-image-preview":"max-image-preview:large","max-video-preview":"max-video-preview:-1"},"canonical":"https:\/\/arens.ee\/no\/gdpr\/","og_locale":"nb_NO","og_type":"article","og_title":"Personvernerkl\u00e6ring - Arens","og_url":"https:\/\/arens.ee\/no\/gdpr\/","og_site_name":"Arens","article_modified_time":"2023-09-18T08:39:30+00:00","og_image":[{"width":1200,"height":627,"url":"https:\/\/arens.ee\/wp-content\/uploads\/2021\/12\/arens-social.jpeg","type":"image\/jpeg"}],"twitter_card":"summary_large_image","schema":{"@context":"https:\/\/schema.org","@graph":[{"@type":"WebPage","@id":"https:\/\/arens.ee\/no\/gdpr\/","url":"https:\/\/arens.ee\/no\/gdpr\/","name":"Personvernerkl\u00e6ring - Arens","isPartOf":{"@id":"https:\/\/arens.ee\/#website"},"datePublished":"2023-09-12T22:35:21+00:00","dateModified":"2023-09-18T08:39:30+00:00","breadcrumb":{"@id":"https:\/\/arens.ee\/no\/gdpr\/#breadcrumb"},"inLanguage":"nb-NO","potentialAction":[{"@type":"ReadAction","target":["https:\/\/arens.ee\/no\/gdpr\/"]}]},{"@type":"BreadcrumbList","@id":"https:\/\/arens.ee\/no\/gdpr\/#breadcrumb","itemListElement":[{"@type":"ListItem","position":1,"name":"Home","item":"https:\/\/arens.ee\/no\/"},{"@type":"ListItem","position":2,"name":"Personvernerkl\u00e6ring"}]},{"@type":"WebSite","@id":"https:\/\/arens.ee\/#website","url":"https:\/\/arens.ee\/","name":"Arens","description":"","potentialAction":[{"@type":"SearchAction","target":{"@type":"EntryPoint","urlTemplate":"https:\/\/arens.ee\/?s={search_term_string}"},"query-input":{"@type":"PropertyValueSpecification","valueRequired":true,"valueName":"search_term_string"}}],"inLanguage":"nb-NO"}]}},"page_title_background":[""],"hero_content":["<p style=\"text-align: justify;\">Arens AS VILK\u00c5R FOR BEHANDLING AV PERSONOPPLYSNINGER\r\n1.\u00a0DEFINISJONER\r\n1.1. Personopplysninger - all informasjon om en identifisert eller identifiserbar fysisk person;\r\n1.2. Behandling av personopplysninger - enhver operasjon utf\u00f8rt med personopplysninger eller deres samlinger;\r\n1.3.\u00a0Kunden eller Deg \u2013 en fysisk person som bes\u00f8ker nettstedet;\r\n1.4.\u00a0Arens AS eller Oss \u2013 organisasjonsnummer 10254960;\r\n1.5.\u00a0Vilk\u00e5r \u2013 disse vilk\u00e5r for behandling av personopplysninger;\r\n1.6.\u00a0Ansvarlig behandler \u2013 Arens AS;\r\n1.7.\u00a0Nettsted \u2013 dette nettstedet<a href=\"http:\/\/www.arens.ee\/\">www.arens.ee<\/a>;\r\n1.8\u00a0Autorisert behandler \u2013 person som behandler personopplysninger p\u00e5 v\u00e5re vegne.<\/p>\r\n<p style=\"text-align: justify;\">2. GENERELT\r\n2.1. Vilk\u00e5rene beskriver v\u00e5re vilk\u00e5r for behandling av personopplysninger. Beskyttelse av personopplysninger er viktig for oss, s\u00e5 vi behandler personopplysninger kun hvis det finnes rettslig grunnlag, og for legitime form\u00e5l, og sikrer sikkerhet og beskyttelse av personopplysninger.\r\n2.2. Hvis et slikt behov oppst\u00e5r, kan vi endre vilk\u00e5rene for \u00e5 sikre at de er i overensstemmelse med lovgivningen. Derfor anbefaler vi at du bes\u00f8ker nettstedet fra tid til annen for \u00e5 holde deg oppdatert med vilk\u00e5rene. Vi oppgir alltid fra hvilken dato vilk\u00e5rene i gjeldende ordlyd er gyldige.<\/p>\r\n<p style=\"text-align: justify;\">3. FORM\u00c5L OG JURIDISK GRUNNLAG FOR BEHANDLING\r\n3.1. N\u00e5r du sender oss foresp\u00f8rsler eller andre anmodninger gjennom foresp\u00f8rselsskjemaet p\u00e5 nettstedet, erkjenner du at vi m\u00e5 behandle dine personopplysninger for \u00e5 kunne svare deg. I dette tilfellet har vi en berettiget interesse til \u00e5 behandle personopplysninger, i tillegg er det ogs\u00e5 n\u00f8dvendig i enkelte tilfeller for \u00e5 opprette et tilbud, legge inn bestilling, oppfylle bestilling og sikre oppfyllelse. Dermed er v\u00e5rt form\u00e5l ved behandling av personopplysninger (1) \u00e5 sikre effektiv og trivelig kundeservice, eller (2) \u00e5 opprette tilbud, (3) \u00e5 fullf\u00f8re bestillingen, (4) \u00e5 organisere transport og installasjon, \u00e5 formidle relevant informasjon og fullf\u00f8re bestillingen.\r\n3.2. Vi behandler personopplysninger for \u00e5 oppfylle forpliktelser som f\u00f8lger av lovgivningen for \u00e5 (1) sikre beskyttelse av rettigheter knyttet til personopplysninger, (2) lagre personopplysninger for \u00e5 oppfylle forpliktelser som f\u00f8lger av lovgivningen, og (3) oppfylle eventuelle andre forpliktelser som f\u00f8lger av lovgivningen.\r\n3.3. Vi bruker informasjonskapsler p\u00e5 v\u00e5rt nettsted. Informasjonskapsler er sm\u00e5 datablokker i tekstform som lagres i nettleseren eller p\u00e5 enheten din n\u00e5r du bes\u00f8ker et nettsted. Noen informasjonskapsler er knyttet til nettstedet (s\u00e5kalte f\u00f8rsteparts informasjonskapsler), i tillegg bruker vi ogs\u00e5 tredjeparts informasjonskapsler. Informasjonskapsler er n\u00f8dvendige for \u00e5 sikre at nettstedet fungerer korrekt, og de gj\u00f8r det ogs\u00e5 enklere for deg \u00e5 bruke nettstedet. Informasjonskapsler gj\u00f8r det for eksempel mulig \u00e5 huske dine preferanser og samle inn data om din bruk av nettstedet, slik at vi kan tilby deg personlig tilpasset innhold, og gi innspill til utarbeidelse av analyser og statistikk. Informasjon som er tilgjengelig for oss gjennom informasjonskapsler, kan ikke knyttes til noen spesifikk fysisk person.\r\n3.4. Vi bruker tredjeparts informasjonskapsler p\u00e5 nettstedet fra tjenesteleverand\u00f8rer Google Analytics, Facebook, Adroll, Hotjar i henhold til vilk\u00e5rene til disse tjenesteleverand\u00f8rer. Vi bruker disse til f\u00f8lgende form\u00e5l: (1) for \u00e5 analysere nettstedtrafikk, (2) for \u00e5 tilby muligheter for sosiale medier, og (3) for \u00e5 vise m\u00e5lrettet reklameinnhold. Samtidig er det mulig at data om bruken av nettstedet gjennom disse informasjonskapsler deles med tredjeparter, som kan kombinere data med andre data som er tilgjengelige for dem.\r\n3.5. Vi ber enhver bes\u00f8kende av nettstedet om samtykke til \u00e5 bruke (1) tredjeparts informasjonskapsler og (2) f\u00f8rsteparts informasjonskapsler, som er beregnet for \u00e5 utarbeide anonym bes\u00f8ksstatistikk for nettstedet. Vi bruker ikke disse informasjonskapsler dersom brukeren ikke gir tilsvarende samtykke.\r\n3.6. Hvis du vil begrense bruken av informasjonskapsler p\u00e5 nettstedet, nekte det, eller slette lagrede informasjonskapsler, sjekk innstillingene i nettleseren din. Vi advarer om at hvis du begrenser eller nekter informasjonskapsler, kan dette p\u00e5virke nettstedets korrekte funksjon.\r\n3.7. Vi ber alltid om forh\u00e5ndssamtykke til \u00e5 behandle personopplysninger til form\u00e5l som ikke er spesifisert i vilk\u00e5r og betingelser.<\/p>\r\n<p style=\"text-align: justify;\">4. SAMMENSETNING AV PERSONOPPLYSNINGER\r\n4.1. For \u00e5 oppn\u00e5 m\u00e5lene angitt i vilk\u00e5r og betingelser, er det n\u00f8dvendig for oss \u00e5 behandle noen eller alle av f\u00f8lgende personopplysninger: (1) Ditt navn (2) e-postadresse (3) telefonnummer (4) adresse (5) informasjon samlet inn for \u00e5 overholde lovp\u00e5lagte forpliktelser. Den n\u00f8yaktige sammensetningen av personopplysninger som behandles er forskjellig i hvert enkelt tilfelle. Vi har alltid som utgangspunkt at vi behandler personopplysninger s\u00e5 lite som n\u00f8dvendig for \u00e5 oppn\u00e5 v\u00e5rt form\u00e5l.<\/p>\r\n<p style=\"text-align: justify;\">5. OFFENTLIGGJ\u00d8RING OG VIDEREF\u00d8RING AV PERSONOPPLYSNINGER\r\n5.1. Vi har rett til \u00e5 utlevere og videref\u00f8re personopplysninger uten forh\u00e5ndssamtykke for \u00e5 oppfylle forpliktelser som f\u00f8lger av lovgivningen, samt til autoriserte databehandlere. For \u00e5 beskytte v\u00e5re rettigheter har vi rett til \u00e5 utlevere personopplysninger til tredjeparter, inkludert leverand\u00f8rer av rettshjelp, revisorer, inkassoselskaper, osv.<\/p>\r\n<p style=\"text-align: justify;\">6. LAGRING AV PERSONOPPLYSNINGER\r\n6.1. Vi lagrer personopplysninger s\u00e5 lenge det er n\u00f8dvendig for \u00e5 oppfylle form\u00e5lene beskrevet her, for \u00e5 beskytte v\u00e5re rettigheter, eller for \u00e5 oppfylle v\u00e5re forpliktelser som f\u00f8lger av lovgivningen. Vi lagrer opplysninger om en kunde som kontaktet oss gjennom foresp\u00f8rselsskjema i inntil fem \u00e5r fra siste kontakt med kunden.<\/p>\r\n<p style=\"text-align: justify;\">7. BRUKERENS RETTIGHETER\r\n7.1. I henhold til lovgivningen har du rett til \u00e5 (1) kreve informasjon fra oss om behandlingen av dine personopplysninger, og i enkelte tilfeller kreve (2) retting av personopplysninger, (3) sletting, (4) begrensning av behandlingen eller (5) sende inn en innsigelse. Hvis vi behandler dine personopplysninger p\u00e5 grunnlag av samtykke, (6) kan du trekke tilbake ditt samtykke n\u00e5r som helst, i s\u00e5 fall slutter vi \u00e5 behandle dine personopplysninger. Dette p\u00e5virker ikke tidligere utf\u00f8rt behandling. Vi vil svare p\u00e5 dine henvendelser s\u00e5 raskt som mulig, av hensyn til lovp\u00e5lagte frister.<\/p>\r\n<p style=\"text-align: justify;\">8. KONTAKT, REKLAMASJONER, BESKYTTELSE AV RETTIGHETER\r\n8.1. Hvis du har sp\u00f8rsm\u00e5l eller innvendinger ang\u00e5ende behandlingen av dine personopplysninger, kan du kontakte enten oss som ansvarlig behandler (Arens AS; Vasula tee 40, 60515 K\u00f5rvek\u00fcla, Tartu fylke; <a href=\"mailto:arens@arens.ee\">arens@arens.ee<\/a>; telefon +372 7300960) eller Datatilsynet (<a href=\"mailto:info@aki.ee\">info@aki.ee<\/a>; telefon 627 4135; tilleggsinformasjon).\r\n8.2. Hvis det oppst\u00e5r brudd knyttet til dine opplysninger, som sannsynligvis utgj\u00f8r en trussel mot dine rettigheter og friheter, varsler vi innen 72 timer etter at vi fikk vite om bruddet b\u00e5de Datatilsynet og deg, med mindre gjeldende lovgivning tilsier noe annet.<\/p>\r\n<p style=\"text-align: right;\">Arens AS personvernvilk\u00e5r er gyldige fra 01.09.2023<\/p>"],"hero_background":["11682"],"button_title":[""],"button_link":[""],"payment_method":[""],"header_color":["white"],"rest_api_enabler":{"page_title_background":"","hero_content":"<p style=\"text-align: justify;\">Arens AS VILK\u00c5R FOR BEHANDLING AV PERSONOPPLYSNINGER\r\n1.\u00a0DEFINISJONER\r\n1.1. Personopplysninger - all informasjon om en identifisert eller identifiserbar fysisk person;\r\n1.2. Behandling av personopplysninger - enhver operasjon utf\u00f8rt med personopplysninger eller deres samlinger;\r\n1.3.\u00a0Kunden eller Deg \u2013 en fysisk person som bes\u00f8ker nettstedet;\r\n1.4.\u00a0Arens AS eller Oss \u2013 organisasjonsnummer 10254960;\r\n1.5.\u00a0Vilk\u00e5r \u2013 disse vilk\u00e5r for behandling av personopplysninger;\r\n1.6.\u00a0Ansvarlig behandler \u2013 Arens AS;\r\n1.7.\u00a0Nettsted \u2013 dette nettstedet<a href=\"http:\/\/www.arens.ee\/\">www.arens.ee<\/a>;\r\n1.8\u00a0Autorisert behandler \u2013 person som behandler personopplysninger p\u00e5 v\u00e5re vegne.<\/p>\r\n<p style=\"text-align: justify;\">2. GENERELT\r\n2.1. Vilk\u00e5rene beskriver v\u00e5re vilk\u00e5r for behandling av personopplysninger. Beskyttelse av personopplysninger er viktig for oss, s\u00e5 vi behandler personopplysninger kun hvis det finnes rettslig grunnlag, og for legitime form\u00e5l, og sikrer sikkerhet og beskyttelse av personopplysninger.\r\n2.2. Hvis et slikt behov oppst\u00e5r, kan vi endre vilk\u00e5rene for \u00e5 sikre at de er i overensstemmelse med lovgivningen. Derfor anbefaler vi at du bes\u00f8ker nettstedet fra tid til annen for \u00e5 holde deg oppdatert med vilk\u00e5rene. Vi oppgir alltid fra hvilken dato vilk\u00e5rene i gjeldende ordlyd er gyldige.<\/p>\r\n<p style=\"text-align: justify;\">3. FORM\u00c5L OG JURIDISK GRUNNLAG FOR BEHANDLING\r\n3.1. N\u00e5r du sender oss foresp\u00f8rsler eller andre anmodninger gjennom foresp\u00f8rselsskjemaet p\u00e5 nettstedet, erkjenner du at vi m\u00e5 behandle dine personopplysninger for \u00e5 kunne svare deg. I dette tilfellet har vi en berettiget interesse til \u00e5 behandle personopplysninger, i tillegg er det ogs\u00e5 n\u00f8dvendig i enkelte tilfeller for \u00e5 opprette et tilbud, legge inn bestilling, oppfylle bestilling og sikre oppfyllelse. Dermed er v\u00e5rt form\u00e5l ved behandling av personopplysninger (1) \u00e5 sikre effektiv og trivelig kundeservice, eller (2) \u00e5 opprette tilbud, (3) \u00e5 fullf\u00f8re bestillingen, (4) \u00e5 organisere transport og installasjon, \u00e5 formidle relevant informasjon og fullf\u00f8re bestillingen.\r\n3.2. Vi behandler personopplysninger for \u00e5 oppfylle forpliktelser som f\u00f8lger av lovgivningen for \u00e5 (1) sikre beskyttelse av rettigheter knyttet til personopplysninger, (2) lagre personopplysninger for \u00e5 oppfylle forpliktelser som f\u00f8lger av lovgivningen, og (3) oppfylle eventuelle andre forpliktelser som f\u00f8lger av lovgivningen.\r\n3.3. Vi bruker informasjonskapsler p\u00e5 v\u00e5rt nettsted. Informasjonskapsler er sm\u00e5 datablokker i tekstform som lagres i nettleseren eller p\u00e5 enheten din n\u00e5r du bes\u00f8ker et nettsted. Noen informasjonskapsler er knyttet til nettstedet (s\u00e5kalte f\u00f8rsteparts informasjonskapsler), i tillegg bruker vi ogs\u00e5 tredjeparts informasjonskapsler. Informasjonskapsler er n\u00f8dvendige for \u00e5 sikre at nettstedet fungerer korrekt, og de gj\u00f8r det ogs\u00e5 enklere for deg \u00e5 bruke nettstedet. Informasjonskapsler gj\u00f8r det for eksempel mulig \u00e5 huske dine preferanser og samle inn data om din bruk av nettstedet, slik at vi kan tilby deg personlig tilpasset innhold, og gi innspill til utarbeidelse av analyser og statistikk. Informasjon som er tilgjengelig for oss gjennom informasjonskapsler, kan ikke knyttes til noen spesifikk fysisk person.\r\n3.4. Vi bruker tredjeparts informasjonskapsler p\u00e5 nettstedet fra tjenesteleverand\u00f8rer Google Analytics, Facebook, Adroll, Hotjar i henhold til vilk\u00e5rene til disse tjenesteleverand\u00f8rer. Vi bruker disse til f\u00f8lgende form\u00e5l: (1) for \u00e5 analysere nettstedtrafikk, (2) for \u00e5 tilby muligheter for sosiale medier, og (3) for \u00e5 vise m\u00e5lrettet reklameinnhold. Samtidig er det mulig at data om bruken av nettstedet gjennom disse informasjonskapsler deles med tredjeparter, som kan kombinere data med andre data som er tilgjengelige for dem.\r\n3.5. Vi ber enhver bes\u00f8kende av nettstedet om samtykke til \u00e5 bruke (1) tredjeparts informasjonskapsler og (2) f\u00f8rsteparts informasjonskapsler, som er beregnet for \u00e5 utarbeide anonym bes\u00f8ksstatistikk for nettstedet. Vi bruker ikke disse informasjonskapsler dersom brukeren ikke gir tilsvarende samtykke.\r\n3.6. Hvis du vil begrense bruken av informasjonskapsler p\u00e5 nettstedet, nekte det, eller slette lagrede informasjonskapsler, sjekk innstillingene i nettleseren din. Vi advarer om at hvis du begrenser eller nekter informasjonskapsler, kan dette p\u00e5virke nettstedets korrekte funksjon.\r\n3.7. Vi ber alltid om forh\u00e5ndssamtykke til \u00e5 behandle personopplysninger til form\u00e5l som ikke er spesifisert i vilk\u00e5r og betingelser.<\/p>\r\n<p style=\"text-align: justify;\">4. SAMMENSETNING AV PERSONOPPLYSNINGER\r\n4.1. For \u00e5 oppn\u00e5 m\u00e5lene angitt i vilk\u00e5r og betingelser, er det n\u00f8dvendig for oss \u00e5 behandle noen eller alle av f\u00f8lgende personopplysninger: (1) Ditt navn (2) e-postadresse (3) telefonnummer (4) adresse (5) informasjon samlet inn for \u00e5 overholde lovp\u00e5lagte forpliktelser. Den n\u00f8yaktige sammensetningen av personopplysninger som behandles er forskjellig i hvert enkelt tilfelle. Vi har alltid som utgangspunkt at vi behandler personopplysninger s\u00e5 lite som n\u00f8dvendig for \u00e5 oppn\u00e5 v\u00e5rt form\u00e5l.<\/p>\r\n<p style=\"text-align: justify;\">5. OFFENTLIGGJ\u00d8RING OG VIDEREF\u00d8RING AV PERSONOPPLYSNINGER\r\n5.1. Vi har rett til \u00e5 utlevere og videref\u00f8re personopplysninger uten forh\u00e5ndssamtykke for \u00e5 oppfylle forpliktelser som f\u00f8lger av lovgivningen, samt til autoriserte databehandlere. For \u00e5 beskytte v\u00e5re rettigheter har vi rett til \u00e5 utlevere personopplysninger til tredjeparter, inkludert leverand\u00f8rer av rettshjelp, revisorer, inkassoselskaper, osv.<\/p>\r\n<p style=\"text-align: justify;\">6. LAGRING AV PERSONOPPLYSNINGER\r\n6.1. Vi lagrer personopplysninger s\u00e5 lenge det er n\u00f8dvendig for \u00e5 oppfylle form\u00e5lene beskrevet her, for \u00e5 beskytte v\u00e5re rettigheter, eller for \u00e5 oppfylle v\u00e5re forpliktelser som f\u00f8lger av lovgivningen. Vi lagrer opplysninger om en kunde som kontaktet oss gjennom foresp\u00f8rselsskjema i inntil fem \u00e5r fra siste kontakt med kunden.<\/p>\r\n<p style=\"text-align: justify;\">7. BRUKERENS RETTIGHETER\r\n7.1. I henhold til lovgivningen har du rett til \u00e5 (1) kreve informasjon fra oss om behandlingen av dine personopplysninger, og i enkelte tilfeller kreve (2) retting av personopplysninger, (3) sletting, (4) begrensning av behandlingen eller (5) sende inn en innsigelse. Hvis vi behandler dine personopplysninger p\u00e5 grunnlag av samtykke, (6) kan du trekke tilbake ditt samtykke n\u00e5r som helst, i s\u00e5 fall slutter vi \u00e5 behandle dine personopplysninger. Dette p\u00e5virker ikke tidligere utf\u00f8rt behandling. Vi vil svare p\u00e5 dine henvendelser s\u00e5 raskt som mulig, av hensyn til lovp\u00e5lagte frister.<\/p>\r\n<p style=\"text-align: justify;\">8. KONTAKT, REKLAMASJONER, BESKYTTELSE AV RETTIGHETER\r\n8.1. Hvis du har sp\u00f8rsm\u00e5l eller innvendinger ang\u00e5ende behandlingen av dine personopplysninger, kan du kontakte enten oss som ansvarlig behandler (Arens AS; Vasula tee 40, 60515 K\u00f5rvek\u00fcla, Tartu fylke; <a href=\"mailto:arens@arens.ee\">arens@arens.ee<\/a>; telefon +372 7300960) eller Datatilsynet (<a href=\"mailto:info@aki.ee\">info@aki.ee<\/a>; telefon 627 4135; tilleggsinformasjon).\r\n8.2. Hvis det oppst\u00e5r brudd knyttet til dine opplysninger, som sannsynligvis utgj\u00f8r en trussel mot dine rettigheter og friheter, varsler vi innen 72 timer etter at vi fikk vite om bruddet b\u00e5de Datatilsynet og deg, med mindre gjeldende lovgivning tilsier noe annet.<\/p>\r\n<p style=\"text-align: right;\">Arens AS personvernvilk\u00e5r er gyldige fra 01.09.2023<\/p>","hero_background":"11682","button_title":"","button_link":"","payment_method":"","header_color":"white"},"_links":{"self":[{"href":"https:\/\/arens.ee\/no\/wp-json\/wp\/v2\/pages\/12121","targetHints":{"allow":["GET"]}}],"collection":[{"href":"https:\/\/arens.ee\/no\/wp-json\/wp\/v2\/pages"}],"about":[{"href":"https:\/\/arens.ee\/no\/wp-json\/wp\/v2\/types\/page"}],"author":[{"embeddable":true,"href":"https:\/\/arens.ee\/no\/wp-json\/wp\/v2\/users\/2"}],"replies":[{"embeddable":true,"href":"https:\/\/arens.ee\/no\/wp-json\/wp\/v2\/comments?post=12121"}],"version-history":[{"count":5,"href":"https:\/\/arens.ee\/no\/wp-json\/wp\/v2\/pages\/12121\/revisions"}],"predecessor-version":[{"id":12167,"href":"https:\/\/arens.ee\/no\/wp-json\/wp\/v2\/pages\/12121\/revisions\/12167"}],"wp:attachment":[{"href":"https:\/\/arens.ee\/no\/wp-json\/wp\/v2\/media?parent=12121"}],"curies":[{"name":"wp","href":"https:\/\/api.w.org\/{rel}","templated":true}]}}