{"id":655,"date":"2021-10-21T09:44:47","date_gmt":"2021-10-21T06:44:47","guid":{"rendered":"https:\/\/arens.ee\/?page_id=655"},"modified":"2025-11-25T16:01:36","modified_gmt":"2025-11-25T14:01:36","slug":"firmast","status":"publish","type":"page","link":"https:\/\/arens.ee\/no\/firmast\/","title":{"rendered":"OM ARENS"},"content":{"rendered":"<p style=\"text-align: justify;\">Arens AS er en estisk produsent av kj\u00f8kkenm\u00f8bler med en driftshistorie p\u00e5 30 \u00e5r, som har fremstilt over 200.000 kj\u00f8kken p\u00e5 sin fabrikk p\u00e5 14.000 kvadratmeter. Arens har et gjennomsnittlig produksjonsvolum p\u00e5 400 sett av kj\u00f8kkenm\u00f8bler per m\u00e5ned. I tillegg til Estland omfatter salget av kj\u00f8kkenm\u00f8bler det utenlandske markedet, 40% av produksjonen eksporteres til Finland, Sverige, Norge, Island og Latvia. Arens produserer skreddersydde kj\u00f8kkenm\u00f8bler for b\u00e5de privatkunder og store prosjekter.<\/p>\n<p style=\"text-align: justify;\">Produksjonsprosessen til Arens er preget av topp moderne maskiner, som i stor grad er basert p\u00e5 robotteknologi, noe som sikrer h\u00f8y teknisk og sammenstillingskvalitet.<\/p>\n<p style=\"text-align: justify;\">Til tross for automatisert produksjonsprosess sikrer Arens, som produsent av kj\u00f8kkenm\u00f8bler fleksible valg og en personlig tiln\u00e6rming til kundene. Alle er kj\u00f8kkenm\u00f8bler fra Arens er skreddersydde.<\/p>\n","protected":false},"excerpt":{"rendered":"Arens AS er en estisk produsent av kj\u00f8kkenm\u00f8bler med en driftshistorie p\u00e5 30 \u00e5r, som har fremstilt over 200.000 kj\u00f8kken p\u00e5 sin fabrikk p\u00e5 14.000 kvadratmeter. Arens har et gjennomsnittlig produksjonsvolum p\u00e5 400 sett av kj\u00f8kkenm\u00f8bler per m\u00e5ned. I tillegg til Estland omfatter salget av kj\u00f8kkenm\u00f8bler det utenlandske markedet, 40% av produksjonen eksporteres til Finland,&#8230; <a class=\"view-article\" href=\"https:\/\/arens.ee\/no\/firmast\/\">&#8230;<\/a>","protected":false},"author":1,"featured_media":0,"parent":0,"menu_order":0,"comment_status":"closed","ping_status":"closed","template":"template-arensist.php","meta":{"_acf_changed":false,"footnotes":""},"class_list":["post-655","page","type-page","status-publish","hentry"],"acf":[],"yoast_head":"<!-- This site is optimized with the Yoast SEO plugin v27.5 - https:\/\/yoast.com\/product\/yoast-seo-wordpress\/ -->\n<title>OM ARENS - Arens<\/title>\n<meta name=\"robots\" content=\"index, follow, max-snippet:-1, max-image-preview:large, max-video-preview:-1\" \/>\n<link rel=\"canonical\" href=\"https:\/\/arens.ee\/no\/firmast\/\" \/>\n<meta property=\"og:locale\" content=\"nb_NO\" \/>\n<meta property=\"og:type\" content=\"article\" \/>\n<meta property=\"og:title\" content=\"OM ARENS - Arens\" \/>\n<meta property=\"og:description\" content=\"Arens AS er en estisk produsent av kj\u00f8kkenm\u00f8bler med en driftshistorie p\u00e5 30 \u00e5r, som har fremstilt over 200.000 kj\u00f8kken p\u00e5 sin fabrikk p\u00e5 14.000 kvadratmeter. Arens har et gjennomsnittlig produksjonsvolum p\u00e5 400 sett av kj\u00f8kkenm\u00f8bler per m\u00e5ned. I tillegg til Estland omfatter salget av kj\u00f8kkenm\u00f8bler det utenlandske markedet, 40% av produksjonen eksporteres til Finland,... ...\" \/>\n<meta property=\"og:url\" content=\"https:\/\/arens.ee\/no\/firmast\/\" \/>\n<meta property=\"og:site_name\" content=\"Arens\" \/>\n<meta property=\"article:modified_time\" content=\"2025-11-25T14:01:36+00:00\" \/>\n<meta property=\"og:image\" content=\"https:\/\/arens.ee\/wp-content\/uploads\/2021\/12\/arens-social.jpeg\" \/>\n\t<meta property=\"og:image:width\" content=\"1200\" \/>\n\t<meta property=\"og:image:height\" content=\"627\" \/>\n\t<meta property=\"og:image:type\" content=\"image\/jpeg\" \/>\n<meta name=\"twitter:card\" content=\"summary_large_image\" \/>\n<meta name=\"twitter:label1\" content=\"Ansl. lesetid\" \/>\n\t<meta name=\"twitter:data1\" content=\"1 minutt\" \/>\n<script type=\"application\/ld+json\" class=\"yoast-schema-graph\">{\"@context\":\"https:\\\/\\\/schema.org\",\"@graph\":[{\"@type\":\"WebPage\",\"@id\":\"https:\\\/\\\/arens.ee\\\/no\\\/firmast\\\/\",\"url\":\"https:\\\/\\\/arens.ee\\\/no\\\/firmast\\\/\",\"name\":\"OM ARENS - Arens\",\"isPartOf\":{\"@id\":\"https:\\\/\\\/arens.ee\\\/#website\"},\"datePublished\":\"2021-10-21T06:44:47+00:00\",\"dateModified\":\"2025-11-25T14:01:36+00:00\",\"breadcrumb\":{\"@id\":\"https:\\\/\\\/arens.ee\\\/no\\\/firmast\\\/#breadcrumb\"},\"inLanguage\":\"nb-NO\",\"potentialAction\":[{\"@type\":\"ReadAction\",\"target\":[\"https:\\\/\\\/arens.ee\\\/no\\\/firmast\\\/\"]}]},{\"@type\":\"BreadcrumbList\",\"@id\":\"https:\\\/\\\/arens.ee\\\/no\\\/firmast\\\/#breadcrumb\",\"itemListElement\":[{\"@type\":\"ListItem\",\"position\":1,\"name\":\"Home\",\"item\":\"https:\\\/\\\/arens.ee\\\/no\\\/\"},{\"@type\":\"ListItem\",\"position\":2,\"name\":\"OM ARENS\"}]},{\"@type\":\"WebSite\",\"@id\":\"https:\\\/\\\/arens.ee\\\/#website\",\"url\":\"https:\\\/\\\/arens.ee\\\/\",\"name\":\"Arens\",\"description\":\"\",\"potentialAction\":[{\"@type\":\"SearchAction\",\"target\":{\"@type\":\"EntryPoint\",\"urlTemplate\":\"https:\\\/\\\/arens.ee\\\/?s={search_term_string}\"},\"query-input\":{\"@type\":\"PropertyValueSpecification\",\"valueRequired\":true,\"valueName\":\"search_term_string\"}}],\"inLanguage\":\"nb-NO\"}]}<\/script>\n<!-- \/ Yoast SEO plugin. -->","yoast_head_json":{"title":"OM ARENS - Arens","robots":{"index":"index","follow":"follow","max-snippet":"max-snippet:-1","max-image-preview":"max-image-preview:large","max-video-preview":"max-video-preview:-1"},"canonical":"https:\/\/arens.ee\/no\/firmast\/","og_locale":"nb_NO","og_type":"article","og_title":"OM ARENS - Arens","og_description":"Arens AS er en estisk produsent av kj\u00f8kkenm\u00f8bler med en driftshistorie p\u00e5 30 \u00e5r, som har fremstilt over 200.000 kj\u00f8kken p\u00e5 sin fabrikk p\u00e5 14.000 kvadratmeter. Arens har et gjennomsnittlig produksjonsvolum p\u00e5 400 sett av kj\u00f8kkenm\u00f8bler per m\u00e5ned. I tillegg til Estland omfatter salget av kj\u00f8kkenm\u00f8bler det utenlandske markedet, 40% av produksjonen eksporteres til Finland,... ...","og_url":"https:\/\/arens.ee\/no\/firmast\/","og_site_name":"Arens","article_modified_time":"2025-11-25T14:01:36+00:00","og_image":[{"width":1200,"height":627,"url":"https:\/\/arens.ee\/wp-content\/uploads\/2021\/12\/arens-social.jpeg","type":"image\/jpeg"}],"twitter_card":"summary_large_image","twitter_misc":{"Ansl. lesetid":"1 minutt"},"schema":{"@context":"https:\/\/schema.org","@graph":[{"@type":"WebPage","@id":"https:\/\/arens.ee\/no\/firmast\/","url":"https:\/\/arens.ee\/no\/firmast\/","name":"OM ARENS - Arens","isPartOf":{"@id":"https:\/\/arens.ee\/#website"},"datePublished":"2021-10-21T06:44:47+00:00","dateModified":"2025-11-25T14:01:36+00:00","breadcrumb":{"@id":"https:\/\/arens.ee\/no\/firmast\/#breadcrumb"},"inLanguage":"nb-NO","potentialAction":[{"@type":"ReadAction","target":["https:\/\/arens.ee\/no\/firmast\/"]}]},{"@type":"BreadcrumbList","@id":"https:\/\/arens.ee\/no\/firmast\/#breadcrumb","itemListElement":[{"@type":"ListItem","position":1,"name":"Home","item":"https:\/\/arens.ee\/no\/"},{"@type":"ListItem","position":2,"name":"OM ARENS"}]},{"@type":"WebSite","@id":"https:\/\/arens.ee\/#website","url":"https:\/\/arens.ee\/","name":"Arens","description":"","potentialAction":[{"@type":"SearchAction","target":{"@type":"EntryPoint","urlTemplate":"https:\/\/arens.ee\/?s={search_term_string}"},"query-input":{"@type":"PropertyValueSpecification","valueRequired":true,"valueName":"search_term_string"}}],"inLanguage":"nb-NO"}]}},"header_color":["transparent"],"page_title_background":["2196"],"arensist_video_mp4":["120"],"arensist_video_webm":["122"],"view_video_button_title":["Vaata videot"],"arensist_video_poster":[""],"page_content_0_text":[""],"page_content":["a:1:{i:0;s:10:\"text_block\";}"],"video_custom_height":["680"],"video_custom_width":[""],"fullwidth_video":["0"],"video_position":["center"],"page_content_1_select_template":["4416"],"rest_api_enabler":{"header_color":"transparent","page_title_background":"2196","arensist_video_mp4":"120","arensist_video_webm":"122","view_video_button_title":"Vaata videot","arensist_video_poster":"","page_content_0_text":"","page_content":"a:1:{i:0;s:10:\"text_block\";}","video_custom_height":"680","video_custom_width":"","fullwidth_video":"0","video_position":"center","page_content_1_select_template":"4416"},"_links":{"self":[{"href":"https:\/\/arens.ee\/no\/wp-json\/wp\/v2\/pages\/655","targetHints":{"allow":["GET"]}}],"collection":[{"href":"https:\/\/arens.ee\/no\/wp-json\/wp\/v2\/pages"}],"about":[{"href":"https:\/\/arens.ee\/no\/wp-json\/wp\/v2\/types\/page"}],"author":[{"embeddable":true,"href":"https:\/\/arens.ee\/no\/wp-json\/wp\/v2\/users\/1"}],"replies":[{"embeddable":true,"href":"https:\/\/arens.ee\/no\/wp-json\/wp\/v2\/comments?post=655"}],"version-history":[{"count":10,"href":"https:\/\/arens.ee\/no\/wp-json\/wp\/v2\/pages\/655\/revisions"}],"predecessor-version":[{"id":17197,"href":"https:\/\/arens.ee\/no\/wp-json\/wp\/v2\/pages\/655\/revisions\/17197"}],"wp:attachment":[{"href":"https:\/\/arens.ee\/no\/wp-json\/wp\/v2\/media?parent=655"}],"curies":[{"name":"wp","href":"https:\/\/api.w.org\/{rel}","templated":true}]}}